{"id":7705,"date":"2022-03-31T14:58:29","date_gmt":"2022-03-31T12:58:29","guid":{"rendered":"https:\/\/ozonesystemsolutions.de\/?post_type=product&#038;p=7705"},"modified":"2024-12-09T22:11:47","modified_gmt":"2024-12-09T21:11:47","slug":"uv-c-st-425","status":"publish","type":"product","link":"https:\/\/ozonesystemsolutions.de\/en\/product\/uv-c-st-425\/","title":{"rendered":"UV-C ST 425"},"content":{"rendered":"<p>OSS UV-C air purifier available in different versions:<\/p>\n<ul>\n<li>UV-C ST 300 -&gt; 30dB(A) volume<\/li>\n<li>UV-C ST 425 -&gt; 34dB(A) sound level<\/li>\n<li>UV-C ST 470 -&gt; 36,5dB(A) volume<\/li>\n<li>UV-C ST 550 -&gt; 39dB(A) sound level<\/li>\n<li>UV-C ST 600 -&gt; 30,5dB(A) volume<\/li>\n<li>UV-C ST 840 -&gt; 34,5dB(A) volume<\/li>\n<li>UV-C ST 950 -&gt; 37dB(A) sound level<\/li>\n<li>UV-C ST 1150 -&gt; 39,5dB(A) volume<\/li>\n<\/ul>\n<p>&nbsp;<\/p>\n<p>We work with the technology of UV-C radiation, which has been proven for several decades, to effectively and safely combat germs and viruses. The low energy consumption and the lamp service life of 9,000 operating hours should be emphasised here. With 8 hours of operation per day, this means a lamp life of 3 years. The lamps can be replaced without tools.<\/p>\n<p>Via the built-in fans, the air is sucked in together with the aerosols contained therein. Our UV-C lamps inside the air purifiers effectively kill germs and viruses and return the purified air back into the room. To achieve an effective effect, it is important that the room air is circulated between 4 and 6 times per hour.<\/p>\n<p>Our housing is designed in such a way that no UV-C rays can escape. Thus, all our air purifiers can be operated safely. In addition, a ceiling mounting, due to the low height of our air purifiers, is already possible from a ceiling height of 2.4 m without any problems. The installation of the devices is also uncomplicated.<\/p>\n<p>OSS air purifiers remove up to 99.9% of viruses and bacteria from indoor air - tested by independent institute.<\/p>\n<p>&nbsp;<\/p>\n<p><strong>Advantages of OSS air purifiers:<\/strong><\/p>\n<ul>\n<li>Quiet operating noise - ideal for offices, classrooms or daycare centres<\/li>\n<li>Simple control via battery-free radio remote control<\/li>\n<li>Low overall height and thus usable from 2.4 m ceiling height<\/li>\n<li>Available with three different fan powers<\/li>\n<li>Low energy consumption of 255 watts<\/li>\n<li>Simple and tool-free maintenance or replacement of the UV-C lamps<\/li>\n<li>Filterless technology and thus minimal follow-up costs<\/li>\n<li>Made in Germany<\/li>\n<\/ul>\n<p>&nbsp;<\/p>\n<p><strong>Scope of delivery:<\/strong><\/p>\n<ul>\n<li>1 x UV-C ST 425 air purifier<\/li>\n<li>1 x radio remote control<\/li>\n<li>1 x German instruction manual<\/li>\n<\/ul>\n<p>&nbsp;<\/p>\n<p><strong>Manufacturer:<\/strong><\/p>\n<p>OSS Ozone System Solutions GmbH &amp; Co. KG, Orlesh\u00e4user Str. 65, 63654 B\u00fcdingen, Germany, Tel.: 0151 \/ 271 604 67, info@ozonesystemsolutions.de, WEEE-Reg.-No.: DE12159445<\/p>\n<p><strong>Information on product safety:<\/strong><\/p>\n<p>First read the operating instructions carefully<\/p>","protected":false},"excerpt":{"rendered":"<p>Our UV-C air purifier with an air flow rate of 425 m\u00b3\/h at a noise level of only 34 dB(A). Suitable for rooms up to 42.5 m\u00b2 with a room height of 2.50 meters. Ideal for use in kindergartens, schools or offices.<\/p>\n<p><a href=\"https:\/\/ozonesystemsolutions.de\/en\/product\/uv-c-st-425-s\/\">to the floor unit<\/a><\/p>","protected":false},"featured_media":7701,"template":"","meta":{"_acf_changed":false},"product_brand":[],"product_cat":[74],"product_tag":[],"class_list":{"0":"post-7705","1":"product","2":"type-product","3":"status-publish","4":"has-post-thumbnail","6":"product_cat-uv-c-luftreiniger","7":"tm-no-options","9":"first","10":"instock","11":"taxable","12":"shipping-taxable","13":"purchasable","14":"product-type-simple"},"acf":[],"yoast_head":"<!-- This site is optimized with the Yoast SEO plugin v26.2 - https:\/\/yoast.com\/wordpress\/plugins\/seo\/ -->\n<title>UV-C ST 425 | Ozone Systems Solutions<\/title>\n<meta name=\"robots\" content=\"index, follow, max-snippet:-1, max-image-preview:large, max-video-preview:-1\" \/>\n<link rel=\"canonical\" href=\"https:\/\/ozonesystemsolutions.de\/en\/product\/uv-c-st-425\/\" \/>\n<meta property=\"og:locale\" content=\"en_GB\" \/>\n<meta property=\"og:type\" content=\"article\" \/>\n<meta property=\"og:title\" content=\"UV-C ST 425 | Ozone Systems Solutions\" \/>\n<meta property=\"og:description\" content=\"Unser UV-C Luftreiniger mit einem Luftdurchsatz von 425 m\u00b3\/h bei einer Lautst\u00e4rke von nur 34 dB(A). Geeignet f\u00fcr R\u00e4ume bis 42,5 m\u00b2 bei einer Raumh\u00f6he von 2,50 Metern. Ideal f\u00fcr den Einsatz in Kinderg\u00e4rten, Schulen oder B\u00fcror\u00e4umen.  zum Standger\u00e4t\" \/>\n<meta property=\"og:url\" content=\"https:\/\/ozonesystemsolutions.de\/en\/product\/uv-c-st-425\/\" \/>\n<meta property=\"og:site_name\" content=\"Ozone Systems Solutions\" \/>\n<meta property=\"article:modified_time\" content=\"2024-12-09T21:11:47+00:00\" \/>\n<meta property=\"og:image\" content=\"https:\/\/ozonesystemsolutions.de\/wp-content\/uploads\/2022\/03\/UV-C-ST-300-425-470-550.png\" \/>\n\t<meta property=\"og:image:width\" content=\"2000\" \/>\n\t<meta property=\"og:image:height\" content=\"964\" \/>\n\t<meta property=\"og:image:type\" content=\"image\/png\" \/>\n<meta name=\"twitter:card\" content=\"summary_large_image\" \/>\n<meta name=\"twitter:label1\" content=\"Estimated reading time\" \/>\n\t<meta name=\"twitter:data1\" content=\"2 minutes\" \/>\n<script type=\"application\/ld+json\" class=\"yoast-schema-graph\">{\"@context\":\"https:\/\/schema.org\",\"@graph\":[{\"@type\":\"WebPage\",\"@id\":\"https:\/\/ozonesystemsolutions.de\/produkt\/uv-c-st-425\/\",\"url\":\"https:\/\/ozonesystemsolutions.de\/produkt\/uv-c-st-425\/\",\"name\":\"UV-C ST 425 | Ozone Systems Solutions\",\"isPartOf\":{\"@id\":\"https:\/\/ozonesystemsolutions.de\/#website\"},\"primaryImageOfPage\":{\"@id\":\"https:\/\/ozonesystemsolutions.de\/produkt\/uv-c-st-425\/#primaryimage\"},\"image\":{\"@id\":\"https:\/\/ozonesystemsolutions.de\/produkt\/uv-c-st-425\/#primaryimage\"},\"thumbnailUrl\":\"https:\/\/ozonesystemsolutions.de\/wp-content\/uploads\/2022\/03\/UV-C-ST-300-425-470-550.png\",\"datePublished\":\"2022-03-31T12:58:29+00:00\",\"dateModified\":\"2024-12-09T21:11:47+00:00\",\"breadcrumb\":{\"@id\":\"https:\/\/ozonesystemsolutions.de\/produkt\/uv-c-st-425\/#breadcrumb\"},\"inLanguage\":\"en-GB\",\"potentialAction\":[{\"@type\":\"ReadAction\",\"target\":[\"https:\/\/ozonesystemsolutions.de\/produkt\/uv-c-st-425\/\"]}]},{\"@type\":\"ImageObject\",\"inLanguage\":\"en-GB\",\"@id\":\"https:\/\/ozonesystemsolutions.de\/produkt\/uv-c-st-425\/#primaryimage\",\"url\":\"https:\/\/ozonesystemsolutions.de\/wp-content\/uploads\/2022\/03\/UV-C-ST-300-425-470-550.png\",\"contentUrl\":\"https:\/\/ozonesystemsolutions.de\/wp-content\/uploads\/2022\/03\/UV-C-ST-300-425-470-550.png\",\"width\":2000,\"height\":964,\"caption\":\"UV-C-ST-300-425-470-550\"},{\"@type\":\"BreadcrumbList\",\"@id\":\"https:\/\/ozonesystemsolutions.de\/produkt\/uv-c-st-425\/#breadcrumb\",\"itemListElement\":[{\"@type\":\"ListItem\",\"position\":1,\"name\":\"Startseite\",\"item\":\"https:\/\/ozonesystemsolutions.de\/\"},{\"@type\":\"ListItem\",\"position\":2,\"name\":\"Shop Woocommerce\",\"item\":\"https:\/\/ozonesystemsolutions.de\/shop\/\"},{\"@type\":\"ListItem\",\"position\":3,\"name\":\"UV-C ST 425\"}]},{\"@type\":\"WebSite\",\"@id\":\"https:\/\/ozonesystemsolutions.de\/#website\",\"url\":\"https:\/\/ozonesystemsolutions.de\/\",\"name\":\"Ozone Systems Solutions\",\"description\":\"\",\"publisher\":{\"@id\":\"https:\/\/ozonesystemsolutions.de\/#organization\"},\"potentialAction\":[{\"@type\":\"SearchAction\",\"target\":{\"@type\":\"EntryPoint\",\"urlTemplate\":\"https:\/\/ozonesystemsolutions.de\/?s={search_term_string}\"},\"query-input\":{\"@type\":\"PropertyValueSpecification\",\"valueRequired\":true,\"valueName\":\"search_term_string\"}}],\"inLanguage\":\"en-GB\"},{\"@type\":\"Organization\",\"@id\":\"https:\/\/ozonesystemsolutions.de\/#organization\",\"name\":\"Ozone System Solutions\",\"url\":\"https:\/\/ozonesystemsolutions.de\/\",\"logo\":{\"@type\":\"ImageObject\",\"inLanguage\":\"en-GB\",\"@id\":\"https:\/\/ozonesystemsolutions.de\/#\/schema\/logo\/image\/\",\"url\":\"https:\/\/ozonesystemsolutions.de\/wp-content\/uploads\/2019\/10\/9.jpg\",\"contentUrl\":\"https:\/\/ozonesystemsolutions.de\/wp-content\/uploads\/2019\/10\/9.jpg\",\"width\":4724,\"height\":3543,\"caption\":\"Ozone System Solutions\"},\"image\":{\"@id\":\"https:\/\/ozonesystemsolutions.de\/#\/schema\/logo\/image\/\"}}]}<\/script>\n<!-- \/ Yoast SEO plugin. -->","yoast_head_json":{"title":"UV-C ST 425 | Ozone Systems Solutions","robots":{"index":"index","follow":"follow","max-snippet":"max-snippet:-1","max-image-preview":"max-image-preview:large","max-video-preview":"max-video-preview:-1"},"canonical":"https:\/\/ozonesystemsolutions.de\/en\/product\/uv-c-st-425\/","og_locale":"en_GB","og_type":"article","og_title":"UV-C ST 425 | Ozone Systems Solutions","og_description":"Unser UV-C Luftreiniger mit einem Luftdurchsatz von 425 m\u00b3\/h bei einer Lautst\u00e4rke von nur 34 dB(A). Geeignet f\u00fcr R\u00e4ume bis 42,5 m\u00b2 bei einer Raumh\u00f6he von 2,50 Metern. Ideal f\u00fcr den Einsatz in Kinderg\u00e4rten, Schulen oder B\u00fcror\u00e4umen.  zum Standger\u00e4t","og_url":"https:\/\/ozonesystemsolutions.de\/en\/product\/uv-c-st-425\/","og_site_name":"Ozone Systems Solutions","article_modified_time":"2024-12-09T21:11:47+00:00","og_image":[{"width":2000,"height":964,"url":"https:\/\/ozonesystemsolutions.de\/wp-content\/uploads\/2022\/03\/UV-C-ST-300-425-470-550.png","type":"image\/png"}],"twitter_card":"summary_large_image","twitter_misc":{"Estimated reading time":"2 minutes"},"schema":{"@context":"https:\/\/schema.org","@graph":[{"@type":"WebPage","@id":"https:\/\/ozonesystemsolutions.de\/produkt\/uv-c-st-425\/","url":"https:\/\/ozonesystemsolutions.de\/produkt\/uv-c-st-425\/","name":"UV-C ST 425 | Ozone Systems Solutions","isPartOf":{"@id":"https:\/\/ozonesystemsolutions.de\/#website"},"primaryImageOfPage":{"@id":"https:\/\/ozonesystemsolutions.de\/produkt\/uv-c-st-425\/#primaryimage"},"image":{"@id":"https:\/\/ozonesystemsolutions.de\/produkt\/uv-c-st-425\/#primaryimage"},"thumbnailUrl":"https:\/\/ozonesystemsolutions.de\/wp-content\/uploads\/2022\/03\/UV-C-ST-300-425-470-550.png","datePublished":"2022-03-31T12:58:29+00:00","dateModified":"2024-12-09T21:11:47+00:00","breadcrumb":{"@id":"https:\/\/ozonesystemsolutions.de\/produkt\/uv-c-st-425\/#breadcrumb"},"inLanguage":"en-GB","potentialAction":[{"@type":"ReadAction","target":["https:\/\/ozonesystemsolutions.de\/produkt\/uv-c-st-425\/"]}]},{"@type":"ImageObject","inLanguage":"en-GB","@id":"https:\/\/ozonesystemsolutions.de\/produkt\/uv-c-st-425\/#primaryimage","url":"https:\/\/ozonesystemsolutions.de\/wp-content\/uploads\/2022\/03\/UV-C-ST-300-425-470-550.png","contentUrl":"https:\/\/ozonesystemsolutions.de\/wp-content\/uploads\/2022\/03\/UV-C-ST-300-425-470-550.png","width":2000,"height":964,"caption":"UV-C-ST-300-425-470-550"},{"@type":"BreadcrumbList","@id":"https:\/\/ozonesystemsolutions.de\/produkt\/uv-c-st-425\/#breadcrumb","itemListElement":[{"@type":"ListItem","position":1,"name":"Startseite","item":"https:\/\/ozonesystemsolutions.de\/"},{"@type":"ListItem","position":2,"name":"Shop Woocommerce","item":"https:\/\/ozonesystemsolutions.de\/shop\/"},{"@type":"ListItem","position":3,"name":"UV-C ST 425"}]},{"@type":"WebSite","@id":"https:\/\/ozonesystemsolutions.de\/#website","url":"https:\/\/ozonesystemsolutions.de\/","name":"Ozone Systems Solutions","description":"","publisher":{"@id":"https:\/\/ozonesystemsolutions.de\/#organization"},"potentialAction":[{"@type":"SearchAction","target":{"@type":"EntryPoint","urlTemplate":"https:\/\/ozonesystemsolutions.de\/?s={search_term_string}"},"query-input":{"@type":"PropertyValueSpecification","valueRequired":true,"valueName":"search_term_string"}}],"inLanguage":"en-GB"},{"@type":"Organization","@id":"https:\/\/ozonesystemsolutions.de\/#organization","name":"Ozone System Solutions","url":"https:\/\/ozonesystemsolutions.de\/","logo":{"@type":"ImageObject","inLanguage":"en-GB","@id":"https:\/\/ozonesystemsolutions.de\/#\/schema\/logo\/image\/","url":"https:\/\/ozonesystemsolutions.de\/wp-content\/uploads\/2019\/10\/9.jpg","contentUrl":"https:\/\/ozonesystemsolutions.de\/wp-content\/uploads\/2019\/10\/9.jpg","width":4724,"height":3543,"caption":"Ozone System Solutions"},"image":{"@id":"https:\/\/ozonesystemsolutions.de\/#\/schema\/logo\/image\/"}}]}},"_links":{"self":[{"href":"https:\/\/ozonesystemsolutions.de\/en\/wp-json\/wp\/v2\/product\/7705","targetHints":{"allow":["GET"]}}],"collection":[{"href":"https:\/\/ozonesystemsolutions.de\/en\/wp-json\/wp\/v2\/product"}],"about":[{"href":"https:\/\/ozonesystemsolutions.de\/en\/wp-json\/wp\/v2\/types\/product"}],"wp:featuredmedia":[{"embeddable":true,"href":"https:\/\/ozonesystemsolutions.de\/en\/wp-json\/wp\/v2\/media\/7701"}],"wp:attachment":[{"href":"https:\/\/ozonesystemsolutions.de\/en\/wp-json\/wp\/v2\/media?parent=7705"}],"wp:term":[{"taxonomy":"product_brand","embeddable":true,"href":"https:\/\/ozonesystemsolutions.de\/en\/wp-json\/wp\/v2\/product_brand?post=7705"},{"taxonomy":"product_cat","embeddable":true,"href":"https:\/\/ozonesystemsolutions.de\/en\/wp-json\/wp\/v2\/product_cat?post=7705"},{"taxonomy":"product_tag","embeddable":true,"href":"https:\/\/ozonesystemsolutions.de\/en\/wp-json\/wp\/v2\/product_tag?post=7705"}],"curies":[{"name":"wp","href":"https:\/\/api.w.org\/{rel}","templated":true}]}}