{"id":6725,"date":"2020-11-18T21:31:53","date_gmt":"2020-11-18T20:31:53","guid":{"rendered":"https:\/\/ozonesystemsolutions.de\/?post_type=product&#038;p=6725"},"modified":"2024-12-09T22:02:03","modified_gmt":"2024-12-09T21:02:03","slug":"vollmaske-sfera-klasse-3","status":"publish","type":"product","link":"https:\/\/ozonesystemsolutions.de\/en\/product\/vollmaske-sfera-klasse-3\/","title":{"rendered":"Full face mask SFERA (class 3) *without filter"},"content":{"rendered":"<ul>\n<li>Mask body made of high quality EPDM<\/li>\n<li>patented, fog-, mirror-, distortion- and scratch-resistant PC lens with very large field of view<\/li>\n<li>with round thread connection DIN EN 148-1 built-in speaking diaphragm<\/li>\n<li>the excellent voice transmission allows the use of megaphones, telephones and radios<\/li>\n<li>Universal size allows a tight and pressure-free fit regardless of face shape<\/li>\n<li>1 large exhalation valve with exhalation valve pre-chamber causes low exhalation resistance and prevents harmful media from penetrating the inside of the mask<\/li>\n<li>Inner mask is equipped with 2 control valves, they reduce dead space and prevent fogging of the visor by even ventilation of the visor.<\/li>\n<li>also approval for the fire brigade<\/li>\n<\/ul>\n<p>&nbsp;<\/p>\n<p><strong>Manufacturer:<\/strong><\/p>\n<p>EKASTU Safety AG, Kreuzb\u00fchel 8, FL-9493 Mauren, info@ekastu.li<\/p>\n<p><strong>Information on product safety:<\/strong><\/p>\n<p>First read the operating instructions carefully<\/p>","protected":false},"excerpt":{"rendered":"<p>Mask body made of high quality EPDM patented, anti-fog, anti-glare, distortion-free and scratch-resistant PC lens with very large field of vision with round thread connection DIN EN 148-1 built-in speech membrane the excellent voice transmission allows the use of megaphones, telephones and radios universal size allows a tight and pressure-free fit regardless of the shape of the face 1 large exhalation valve with exhalation valve prechamber causes low exhalation resistance and prevents [...]<\/p>","protected":false},"featured_media":6893,"template":"","meta":{"_acf_changed":false},"product_brand":[],"product_cat":[65],"product_tag":[],"class_list":{"0":"post-6725","1":"product","2":"type-product","3":"status-publish","4":"has-post-thumbnail","6":"product_cat-atemschutz","7":"tm-no-options","9":"first","10":"instock","11":"taxable","12":"shipping-taxable","13":"purchasable","14":"product-type-simple"},"acf":[],"yoast_head":"<!-- This site is optimized with the Yoast SEO plugin v26.2 - https:\/\/yoast.com\/wordpress\/plugins\/seo\/ -->\n<title>Vollmaske SFERA (Klasse 3) *ohne Filter | Ozone Systems Solutions<\/title>\n<meta name=\"robots\" content=\"index, follow, max-snippet:-1, max-image-preview:large, max-video-preview:-1\" \/>\n<link rel=\"canonical\" href=\"https:\/\/ozonesystemsolutions.de\/en\/product\/vollmaske-sfera-klasse-3\/\" \/>\n<meta property=\"og:locale\" content=\"en_GB\" \/>\n<meta property=\"og:type\" content=\"article\" \/>\n<meta property=\"og:title\" content=\"Vollmaske SFERA (Klasse 3) *ohne Filter | Ozone Systems Solutions\" \/>\n<meta property=\"og:description\" content=\"Maskenk\u00f6rper aus hochwertigem EPDM patentierte, beschlag-, spiegel-, verzerrungsfreie und kratzfeste PC Sichtscheibe mit sehr gro\u00dfem Blickfeld mit Rundgewindeanschluss DIN EN 148-1 eingebaute Sprechmembrane die hervorragende Stimm\u00fcbertragung erlaubt den Gebrauch von Megaphonen, Telefonen und Funkger\u00e4ten Universalgr\u00f6\u00dfe erm\u00f6glicht einen dichten und druckfreien Sitz unabh\u00e4ngig von der Gesichtsform 1 gro\u00dfes Ausatemventil mit Ausatemventil-Vorkammer bewirkt niedrige Ausatemwiderst\u00e4nde und verhindert [&hellip;]\" \/>\n<meta property=\"og:url\" content=\"https:\/\/ozonesystemsolutions.de\/en\/product\/vollmaske-sfera-klasse-3\/\" \/>\n<meta property=\"og:site_name\" content=\"Ozone Systems Solutions\" \/>\n<meta property=\"article:modified_time\" content=\"2024-12-09T21:02:03+00:00\" \/>\n<meta property=\"og:image\" content=\"https:\/\/ozonesystemsolutions.de\/wp-content\/uploads\/2020\/11\/Maske_2-1.png\" \/>\n\t<meta property=\"og:image:width\" content=\"1920\" \/>\n\t<meta property=\"og:image:height\" content=\"1080\" \/>\n\t<meta property=\"og:image:type\" content=\"image\/png\" \/>\n<meta name=\"twitter:card\" content=\"summary_large_image\" \/>\n<meta name=\"twitter:label1\" content=\"Estimated reading time\" \/>\n\t<meta name=\"twitter:data1\" content=\"1 minute\" \/>\n<script type=\"application\/ld+json\" class=\"yoast-schema-graph\">{\"@context\":\"https:\/\/schema.org\",\"@graph\":[{\"@type\":\"WebPage\",\"@id\":\"https:\/\/ozonesystemsolutions.de\/produkt\/vollmaske-sfera-klasse-3\/\",\"url\":\"https:\/\/ozonesystemsolutions.de\/produkt\/vollmaske-sfera-klasse-3\/\",\"name\":\"Vollmaske SFERA (Klasse 3) *ohne Filter | Ozone Systems Solutions\",\"isPartOf\":{\"@id\":\"https:\/\/ozonesystemsolutions.de\/#website\"},\"primaryImageOfPage\":{\"@id\":\"https:\/\/ozonesystemsolutions.de\/produkt\/vollmaske-sfera-klasse-3\/#primaryimage\"},\"image\":{\"@id\":\"https:\/\/ozonesystemsolutions.de\/produkt\/vollmaske-sfera-klasse-3\/#primaryimage\"},\"thumbnailUrl\":\"https:\/\/ozonesystemsolutions.de\/wp-content\/uploads\/2020\/11\/Maske_2-1.png\",\"datePublished\":\"2020-11-18T20:31:53+00:00\",\"dateModified\":\"2024-12-09T21:02:03+00:00\",\"breadcrumb\":{\"@id\":\"https:\/\/ozonesystemsolutions.de\/produkt\/vollmaske-sfera-klasse-3\/#breadcrumb\"},\"inLanguage\":\"en-GB\",\"potentialAction\":[{\"@type\":\"ReadAction\",\"target\":[\"https:\/\/ozonesystemsolutions.de\/produkt\/vollmaske-sfera-klasse-3\/\"]}]},{\"@type\":\"ImageObject\",\"inLanguage\":\"en-GB\",\"@id\":\"https:\/\/ozonesystemsolutions.de\/produkt\/vollmaske-sfera-klasse-3\/#primaryimage\",\"url\":\"https:\/\/ozonesystemsolutions.de\/wp-content\/uploads\/2020\/11\/Maske_2-1.png\",\"contentUrl\":\"https:\/\/ozonesystemsolutions.de\/wp-content\/uploads\/2020\/11\/Maske_2-1.png\",\"width\":1920,\"height\":1080},{\"@type\":\"BreadcrumbList\",\"@id\":\"https:\/\/ozonesystemsolutions.de\/produkt\/vollmaske-sfera-klasse-3\/#breadcrumb\",\"itemListElement\":[{\"@type\":\"ListItem\",\"position\":1,\"name\":\"Startseite\",\"item\":\"https:\/\/ozonesystemsolutions.de\/\"},{\"@type\":\"ListItem\",\"position\":2,\"name\":\"Shop Woocommerce\",\"item\":\"https:\/\/ozonesystemsolutions.de\/shop\/\"},{\"@type\":\"ListItem\",\"position\":3,\"name\":\"Vollmaske SFERA (Klasse 3) *ohne Filter\"}]},{\"@type\":\"WebSite\",\"@id\":\"https:\/\/ozonesystemsolutions.de\/#website\",\"url\":\"https:\/\/ozonesystemsolutions.de\/\",\"name\":\"Ozone Systems Solutions\",\"description\":\"\",\"publisher\":{\"@id\":\"https:\/\/ozonesystemsolutions.de\/#organization\"},\"potentialAction\":[{\"@type\":\"SearchAction\",\"target\":{\"@type\":\"EntryPoint\",\"urlTemplate\":\"https:\/\/ozonesystemsolutions.de\/?s={search_term_string}\"},\"query-input\":{\"@type\":\"PropertyValueSpecification\",\"valueRequired\":true,\"valueName\":\"search_term_string\"}}],\"inLanguage\":\"en-GB\"},{\"@type\":\"Organization\",\"@id\":\"https:\/\/ozonesystemsolutions.de\/#organization\",\"name\":\"Ozone System Solutions\",\"url\":\"https:\/\/ozonesystemsolutions.de\/\",\"logo\":{\"@type\":\"ImageObject\",\"inLanguage\":\"en-GB\",\"@id\":\"https:\/\/ozonesystemsolutions.de\/#\/schema\/logo\/image\/\",\"url\":\"https:\/\/ozonesystemsolutions.de\/wp-content\/uploads\/2019\/10\/9.jpg\",\"contentUrl\":\"https:\/\/ozonesystemsolutions.de\/wp-content\/uploads\/2019\/10\/9.jpg\",\"width\":4724,\"height\":3543,\"caption\":\"Ozone System Solutions\"},\"image\":{\"@id\":\"https:\/\/ozonesystemsolutions.de\/#\/schema\/logo\/image\/\"}}]}<\/script>\n<!-- \/ Yoast SEO plugin. -->","yoast_head_json":{"title":"Vollmaske SFERA (Klasse 3) *ohne Filter | Ozone Systems Solutions","robots":{"index":"index","follow":"follow","max-snippet":"max-snippet:-1","max-image-preview":"max-image-preview:large","max-video-preview":"max-video-preview:-1"},"canonical":"https:\/\/ozonesystemsolutions.de\/en\/product\/vollmaske-sfera-klasse-3\/","og_locale":"en_GB","og_type":"article","og_title":"Vollmaske SFERA (Klasse 3) *ohne Filter | Ozone Systems Solutions","og_description":"Maskenk\u00f6rper aus hochwertigem EPDM patentierte, beschlag-, spiegel-, verzerrungsfreie und kratzfeste PC Sichtscheibe mit sehr gro\u00dfem Blickfeld mit Rundgewindeanschluss DIN EN 148-1 eingebaute Sprechmembrane die hervorragende Stimm\u00fcbertragung erlaubt den Gebrauch von Megaphonen, Telefonen und Funkger\u00e4ten Universalgr\u00f6\u00dfe erm\u00f6glicht einen dichten und druckfreien Sitz unabh\u00e4ngig von der Gesichtsform 1 gro\u00dfes Ausatemventil mit Ausatemventil-Vorkammer bewirkt niedrige Ausatemwiderst\u00e4nde und verhindert [&hellip;]","og_url":"https:\/\/ozonesystemsolutions.de\/en\/product\/vollmaske-sfera-klasse-3\/","og_site_name":"Ozone Systems Solutions","article_modified_time":"2024-12-09T21:02:03+00:00","og_image":[{"width":1920,"height":1080,"url":"https:\/\/ozonesystemsolutions.de\/wp-content\/uploads\/2020\/11\/Maske_2-1.png","type":"image\/png"}],"twitter_card":"summary_large_image","twitter_misc":{"Estimated reading time":"1 minute"},"schema":{"@context":"https:\/\/schema.org","@graph":[{"@type":"WebPage","@id":"https:\/\/ozonesystemsolutions.de\/produkt\/vollmaske-sfera-klasse-3\/","url":"https:\/\/ozonesystemsolutions.de\/produkt\/vollmaske-sfera-klasse-3\/","name":"Vollmaske SFERA (Klasse 3) *ohne Filter | Ozone Systems Solutions","isPartOf":{"@id":"https:\/\/ozonesystemsolutions.de\/#website"},"primaryImageOfPage":{"@id":"https:\/\/ozonesystemsolutions.de\/produkt\/vollmaske-sfera-klasse-3\/#primaryimage"},"image":{"@id":"https:\/\/ozonesystemsolutions.de\/produkt\/vollmaske-sfera-klasse-3\/#primaryimage"},"thumbnailUrl":"https:\/\/ozonesystemsolutions.de\/wp-content\/uploads\/2020\/11\/Maske_2-1.png","datePublished":"2020-11-18T20:31:53+00:00","dateModified":"2024-12-09T21:02:03+00:00","breadcrumb":{"@id":"https:\/\/ozonesystemsolutions.de\/produkt\/vollmaske-sfera-klasse-3\/#breadcrumb"},"inLanguage":"en-GB","potentialAction":[{"@type":"ReadAction","target":["https:\/\/ozonesystemsolutions.de\/produkt\/vollmaske-sfera-klasse-3\/"]}]},{"@type":"ImageObject","inLanguage":"en-GB","@id":"https:\/\/ozonesystemsolutions.de\/produkt\/vollmaske-sfera-klasse-3\/#primaryimage","url":"https:\/\/ozonesystemsolutions.de\/wp-content\/uploads\/2020\/11\/Maske_2-1.png","contentUrl":"https:\/\/ozonesystemsolutions.de\/wp-content\/uploads\/2020\/11\/Maske_2-1.png","width":1920,"height":1080},{"@type":"BreadcrumbList","@id":"https:\/\/ozonesystemsolutions.de\/produkt\/vollmaske-sfera-klasse-3\/#breadcrumb","itemListElement":[{"@type":"ListItem","position":1,"name":"Startseite","item":"https:\/\/ozonesystemsolutions.de\/"},{"@type":"ListItem","position":2,"name":"Shop Woocommerce","item":"https:\/\/ozonesystemsolutions.de\/shop\/"},{"@type":"ListItem","position":3,"name":"Vollmaske SFERA (Klasse 3) *ohne Filter"}]},{"@type":"WebSite","@id":"https:\/\/ozonesystemsolutions.de\/#website","url":"https:\/\/ozonesystemsolutions.de\/","name":"Ozone Systems Solutions","description":"","publisher":{"@id":"https:\/\/ozonesystemsolutions.de\/#organization"},"potentialAction":[{"@type":"SearchAction","target":{"@type":"EntryPoint","urlTemplate":"https:\/\/ozonesystemsolutions.de\/?s={search_term_string}"},"query-input":{"@type":"PropertyValueSpecification","valueRequired":true,"valueName":"search_term_string"}}],"inLanguage":"en-GB"},{"@type":"Organization","@id":"https:\/\/ozonesystemsolutions.de\/#organization","name":"Ozone System Solutions","url":"https:\/\/ozonesystemsolutions.de\/","logo":{"@type":"ImageObject","inLanguage":"en-GB","@id":"https:\/\/ozonesystemsolutions.de\/#\/schema\/logo\/image\/","url":"https:\/\/ozonesystemsolutions.de\/wp-content\/uploads\/2019\/10\/9.jpg","contentUrl":"https:\/\/ozonesystemsolutions.de\/wp-content\/uploads\/2019\/10\/9.jpg","width":4724,"height":3543,"caption":"Ozone System Solutions"},"image":{"@id":"https:\/\/ozonesystemsolutions.de\/#\/schema\/logo\/image\/"}}]}},"_links":{"self":[{"href":"https:\/\/ozonesystemsolutions.de\/en\/wp-json\/wp\/v2\/product\/6725","targetHints":{"allow":["GET"]}}],"collection":[{"href":"https:\/\/ozonesystemsolutions.de\/en\/wp-json\/wp\/v2\/product"}],"about":[{"href":"https:\/\/ozonesystemsolutions.de\/en\/wp-json\/wp\/v2\/types\/product"}],"wp:featuredmedia":[{"embeddable":true,"href":"https:\/\/ozonesystemsolutions.de\/en\/wp-json\/wp\/v2\/media\/6893"}],"wp:attachment":[{"href":"https:\/\/ozonesystemsolutions.de\/en\/wp-json\/wp\/v2\/media?parent=6725"}],"wp:term":[{"taxonomy":"product_brand","embeddable":true,"href":"https:\/\/ozonesystemsolutions.de\/en\/wp-json\/wp\/v2\/product_brand?post=6725"},{"taxonomy":"product_cat","embeddable":true,"href":"https:\/\/ozonesystemsolutions.de\/en\/wp-json\/wp\/v2\/product_cat?post=6725"},{"taxonomy":"product_tag","embeddable":true,"href":"https:\/\/ozonesystemsolutions.de\/en\/wp-json\/wp\/v2\/product_tag?post=6725"}],"curies":[{"name":"wp","href":"https:\/\/api.w.org\/{rel}","templated":true}]}}