{"id":6714,"date":"2020-11-17T21:28:32","date_gmt":"2020-11-17T20:28:32","guid":{"rendered":"https:\/\/ozonesystemsolutions.de\/?post_type=product&#038;p=6714"},"modified":"2024-12-09T22:01:57","modified_gmt":"2024-12-09T21:01:57","slug":"vollmaske-c-607-selecta-klasse-2","status":"publish","type":"product","link":"https:\/\/ozonesystemsolutions.de\/en\/product\/vollmaske-c-607-selecta-klasse-2\/","title":{"rendered":"Full face mask C 607\/Selecta (class 2)"},"content":{"rendered":"<p>Full face masks enclose the entire face and thus protect the eyes at the same time. The sealing line runs across the forehead, cheeks and below the chin. The full-face masks below are available in particularly skin-friendly silicone or in a skin-friendly, particularly robust, specially refined rubber compound made of EPDM (ethylene-propylene-diene compound).<\/p>\n<ul>\n<li>scratch-resistant, anti-fogging, mirror- and distortion-free<\/li>\n<li>Polycarbonate lens with very large field of view<\/li>\n<li>ultimate wearing comfort due to ergonomic construction and design<\/li>\n<li>Mask body is made of skin-compatible, ageing-resistant EPDM and ensures excellent<\/li>\n<li>mechanical and chemical resistance<\/li>\n<li>5-point strapping locks the mask in place quickly and securely<\/li>\n<li>with round thread connection DIN EN 148-1<\/li>\n<li>2 Cool Down exhalation valves<\/li>\n<\/ul>\n<p>&nbsp;<\/p>\n<p><strong>Manufacturer:<\/strong><\/p>\n<p>EKASTU Safety AG, Kreuzb\u00fchel 8, FL-9493 Mauren, info@ekastu.li<\/p>\n<p><strong>Information on product safety:<\/strong><\/p>\n<p>First read the operating instructions carefully<\/p>","protected":false},"excerpt":{"rendered":"<p>Full face masks enclose the entire face and thus protect the eyes at the same time. The sealing line runs across the forehead, cheeks and below the chin. The full-face masks below are available in particularly skin-friendly silicone or in a skin-friendly, particularly robust, specially refined rubber compound made of EPDM (ethylene-propylene-diene compound). scratch-resistant, anti-fog, mirror- and distortion-free polycarbonate lens with very large field of vision ultimate wearing comfort [...]<\/p>","protected":false},"featured_media":6895,"template":"","meta":{"_acf_changed":false},"product_brand":[],"product_cat":[65],"product_tag":[],"class_list":{"0":"post-6714","1":"product","2":"type-product","3":"status-publish","4":"has-post-thumbnail","6":"product_cat-atemschutz","7":"tm-no-options","9":"first","10":"instock","11":"taxable","12":"shipping-taxable","13":"purchasable","14":"product-type-simple"},"acf":[],"yoast_head":"<!-- This site is optimized with the Yoast SEO plugin v26.2 - https:\/\/yoast.com\/wordpress\/plugins\/seo\/ -->\n<title>Vollmaske C 607\/Selecta (Klasse 2) | Ozone Systems Solutions<\/title>\n<meta name=\"robots\" content=\"index, follow, max-snippet:-1, max-image-preview:large, max-video-preview:-1\" \/>\n<link rel=\"canonical\" href=\"https:\/\/ozonesystemsolutions.de\/en\/product\/vollmaske-c-607-selecta-klasse-2\/\" \/>\n<meta property=\"og:locale\" content=\"en_GB\" \/>\n<meta property=\"og:type\" content=\"article\" \/>\n<meta property=\"og:title\" content=\"Vollmaske C 607\/Selecta (Klasse 2) | Ozone Systems Solutions\" \/>\n<meta property=\"og:description\" content=\"Vollmasken umschlie\u00dfen das ganze Gesicht und sch\u00fctzen damit gleichzeitig die Augen. Die Dichtlinie verl\u00e4uft \u00fcber Stirn, Wangen und unterhalb des Kinns. Die nachstehenden Vollmasken sind erh\u00e4ltlich in besonders hautfreundlichem Silikon oder in einer hautfreundlichen, besonders robusten, speziell veredelten Gummimischung aus EPDM (Ethylen-Propylen-Dien-Mischung). kratzfeste, beschlagfreie, spiegel- und verzerrungsfreie Polycarbonat Sichtscheibe mit sehr gro\u00dfem Blickfeld ultimativer Tragekomfort [&hellip;]\" \/>\n<meta property=\"og:url\" content=\"https:\/\/ozonesystemsolutions.de\/en\/product\/vollmaske-c-607-selecta-klasse-2\/\" \/>\n<meta property=\"og:site_name\" content=\"Ozone Systems Solutions\" \/>\n<meta property=\"article:modified_time\" content=\"2024-12-09T21:01:57+00:00\" \/>\n<meta property=\"og:image\" content=\"https:\/\/ozonesystemsolutions.de\/wp-content\/uploads\/2020\/11\/maske-1.png\" \/>\n\t<meta property=\"og:image:width\" content=\"1920\" \/>\n\t<meta property=\"og:image:height\" content=\"1080\" \/>\n\t<meta property=\"og:image:type\" content=\"image\/png\" \/>\n<meta name=\"twitter:card\" content=\"summary_large_image\" \/>\n<meta name=\"twitter:label1\" content=\"Estimated reading time\" \/>\n\t<meta name=\"twitter:data1\" content=\"1 minute\" \/>\n<script type=\"application\/ld+json\" class=\"yoast-schema-graph\">{\"@context\":\"https:\/\/schema.org\",\"@graph\":[{\"@type\":\"WebPage\",\"@id\":\"https:\/\/ozonesystemsolutions.de\/produkt\/vollmaske-c-607-selecta-klasse-2\/\",\"url\":\"https:\/\/ozonesystemsolutions.de\/produkt\/vollmaske-c-607-selecta-klasse-2\/\",\"name\":\"Vollmaske C 607\/Selecta (Klasse 2) | Ozone Systems Solutions\",\"isPartOf\":{\"@id\":\"https:\/\/ozonesystemsolutions.de\/#website\"},\"primaryImageOfPage\":{\"@id\":\"https:\/\/ozonesystemsolutions.de\/produkt\/vollmaske-c-607-selecta-klasse-2\/#primaryimage\"},\"image\":{\"@id\":\"https:\/\/ozonesystemsolutions.de\/produkt\/vollmaske-c-607-selecta-klasse-2\/#primaryimage\"},\"thumbnailUrl\":\"https:\/\/ozonesystemsolutions.de\/wp-content\/uploads\/2020\/11\/maske-1.png\",\"datePublished\":\"2020-11-17T20:28:32+00:00\",\"dateModified\":\"2024-12-09T21:01:57+00:00\",\"breadcrumb\":{\"@id\":\"https:\/\/ozonesystemsolutions.de\/produkt\/vollmaske-c-607-selecta-klasse-2\/#breadcrumb\"},\"inLanguage\":\"en-GB\",\"potentialAction\":[{\"@type\":\"ReadAction\",\"target\":[\"https:\/\/ozonesystemsolutions.de\/produkt\/vollmaske-c-607-selecta-klasse-2\/\"]}]},{\"@type\":\"ImageObject\",\"inLanguage\":\"en-GB\",\"@id\":\"https:\/\/ozonesystemsolutions.de\/produkt\/vollmaske-c-607-selecta-klasse-2\/#primaryimage\",\"url\":\"https:\/\/ozonesystemsolutions.de\/wp-content\/uploads\/2020\/11\/maske-1.png\",\"contentUrl\":\"https:\/\/ozonesystemsolutions.de\/wp-content\/uploads\/2020\/11\/maske-1.png\",\"width\":1920,\"height\":1080},{\"@type\":\"BreadcrumbList\",\"@id\":\"https:\/\/ozonesystemsolutions.de\/produkt\/vollmaske-c-607-selecta-klasse-2\/#breadcrumb\",\"itemListElement\":[{\"@type\":\"ListItem\",\"position\":1,\"name\":\"Startseite\",\"item\":\"https:\/\/ozonesystemsolutions.de\/\"},{\"@type\":\"ListItem\",\"position\":2,\"name\":\"Shop Woocommerce\",\"item\":\"https:\/\/ozonesystemsolutions.de\/shop\/\"},{\"@type\":\"ListItem\",\"position\":3,\"name\":\"Vollmaske C 607\/Selecta (Klasse 2)\"}]},{\"@type\":\"WebSite\",\"@id\":\"https:\/\/ozonesystemsolutions.de\/#website\",\"url\":\"https:\/\/ozonesystemsolutions.de\/\",\"name\":\"Ozone Systems Solutions\",\"description\":\"\",\"publisher\":{\"@id\":\"https:\/\/ozonesystemsolutions.de\/#organization\"},\"potentialAction\":[{\"@type\":\"SearchAction\",\"target\":{\"@type\":\"EntryPoint\",\"urlTemplate\":\"https:\/\/ozonesystemsolutions.de\/?s={search_term_string}\"},\"query-input\":{\"@type\":\"PropertyValueSpecification\",\"valueRequired\":true,\"valueName\":\"search_term_string\"}}],\"inLanguage\":\"en-GB\"},{\"@type\":\"Organization\",\"@id\":\"https:\/\/ozonesystemsolutions.de\/#organization\",\"name\":\"Ozone System Solutions\",\"url\":\"https:\/\/ozonesystemsolutions.de\/\",\"logo\":{\"@type\":\"ImageObject\",\"inLanguage\":\"en-GB\",\"@id\":\"https:\/\/ozonesystemsolutions.de\/#\/schema\/logo\/image\/\",\"url\":\"https:\/\/ozonesystemsolutions.de\/wp-content\/uploads\/2019\/10\/9.jpg\",\"contentUrl\":\"https:\/\/ozonesystemsolutions.de\/wp-content\/uploads\/2019\/10\/9.jpg\",\"width\":4724,\"height\":3543,\"caption\":\"Ozone System Solutions\"},\"image\":{\"@id\":\"https:\/\/ozonesystemsolutions.de\/#\/schema\/logo\/image\/\"}}]}<\/script>\n<!-- \/ Yoast SEO plugin. -->","yoast_head_json":{"title":"Vollmaske C 607\/Selecta (Klasse 2) | Ozone Systems Solutions","robots":{"index":"index","follow":"follow","max-snippet":"max-snippet:-1","max-image-preview":"max-image-preview:large","max-video-preview":"max-video-preview:-1"},"canonical":"https:\/\/ozonesystemsolutions.de\/en\/product\/vollmaske-c-607-selecta-klasse-2\/","og_locale":"en_GB","og_type":"article","og_title":"Vollmaske C 607\/Selecta (Klasse 2) | Ozone Systems Solutions","og_description":"Vollmasken umschlie\u00dfen das ganze Gesicht und sch\u00fctzen damit gleichzeitig die Augen. Die Dichtlinie verl\u00e4uft \u00fcber Stirn, Wangen und unterhalb des Kinns. Die nachstehenden Vollmasken sind erh\u00e4ltlich in besonders hautfreundlichem Silikon oder in einer hautfreundlichen, besonders robusten, speziell veredelten Gummimischung aus EPDM (Ethylen-Propylen-Dien-Mischung). kratzfeste, beschlagfreie, spiegel- und verzerrungsfreie Polycarbonat Sichtscheibe mit sehr gro\u00dfem Blickfeld ultimativer Tragekomfort [&hellip;]","og_url":"https:\/\/ozonesystemsolutions.de\/en\/product\/vollmaske-c-607-selecta-klasse-2\/","og_site_name":"Ozone Systems Solutions","article_modified_time":"2024-12-09T21:01:57+00:00","og_image":[{"width":1920,"height":1080,"url":"https:\/\/ozonesystemsolutions.de\/wp-content\/uploads\/2020\/11\/maske-1.png","type":"image\/png"}],"twitter_card":"summary_large_image","twitter_misc":{"Estimated reading time":"1 minute"},"schema":{"@context":"https:\/\/schema.org","@graph":[{"@type":"WebPage","@id":"https:\/\/ozonesystemsolutions.de\/produkt\/vollmaske-c-607-selecta-klasse-2\/","url":"https:\/\/ozonesystemsolutions.de\/produkt\/vollmaske-c-607-selecta-klasse-2\/","name":"Vollmaske C 607\/Selecta (Klasse 2) | Ozone Systems Solutions","isPartOf":{"@id":"https:\/\/ozonesystemsolutions.de\/#website"},"primaryImageOfPage":{"@id":"https:\/\/ozonesystemsolutions.de\/produkt\/vollmaske-c-607-selecta-klasse-2\/#primaryimage"},"image":{"@id":"https:\/\/ozonesystemsolutions.de\/produkt\/vollmaske-c-607-selecta-klasse-2\/#primaryimage"},"thumbnailUrl":"https:\/\/ozonesystemsolutions.de\/wp-content\/uploads\/2020\/11\/maske-1.png","datePublished":"2020-11-17T20:28:32+00:00","dateModified":"2024-12-09T21:01:57+00:00","breadcrumb":{"@id":"https:\/\/ozonesystemsolutions.de\/produkt\/vollmaske-c-607-selecta-klasse-2\/#breadcrumb"},"inLanguage":"en-GB","potentialAction":[{"@type":"ReadAction","target":["https:\/\/ozonesystemsolutions.de\/produkt\/vollmaske-c-607-selecta-klasse-2\/"]}]},{"@type":"ImageObject","inLanguage":"en-GB","@id":"https:\/\/ozonesystemsolutions.de\/produkt\/vollmaske-c-607-selecta-klasse-2\/#primaryimage","url":"https:\/\/ozonesystemsolutions.de\/wp-content\/uploads\/2020\/11\/maske-1.png","contentUrl":"https:\/\/ozonesystemsolutions.de\/wp-content\/uploads\/2020\/11\/maske-1.png","width":1920,"height":1080},{"@type":"BreadcrumbList","@id":"https:\/\/ozonesystemsolutions.de\/produkt\/vollmaske-c-607-selecta-klasse-2\/#breadcrumb","itemListElement":[{"@type":"ListItem","position":1,"name":"Startseite","item":"https:\/\/ozonesystemsolutions.de\/"},{"@type":"ListItem","position":2,"name":"Shop Woocommerce","item":"https:\/\/ozonesystemsolutions.de\/shop\/"},{"@type":"ListItem","position":3,"name":"Vollmaske C 607\/Selecta (Klasse 2)"}]},{"@type":"WebSite","@id":"https:\/\/ozonesystemsolutions.de\/#website","url":"https:\/\/ozonesystemsolutions.de\/","name":"Ozone Systems Solutions","description":"","publisher":{"@id":"https:\/\/ozonesystemsolutions.de\/#organization"},"potentialAction":[{"@type":"SearchAction","target":{"@type":"EntryPoint","urlTemplate":"https:\/\/ozonesystemsolutions.de\/?s={search_term_string}"},"query-input":{"@type":"PropertyValueSpecification","valueRequired":true,"valueName":"search_term_string"}}],"inLanguage":"en-GB"},{"@type":"Organization","@id":"https:\/\/ozonesystemsolutions.de\/#organization","name":"Ozone System Solutions","url":"https:\/\/ozonesystemsolutions.de\/","logo":{"@type":"ImageObject","inLanguage":"en-GB","@id":"https:\/\/ozonesystemsolutions.de\/#\/schema\/logo\/image\/","url":"https:\/\/ozonesystemsolutions.de\/wp-content\/uploads\/2019\/10\/9.jpg","contentUrl":"https:\/\/ozonesystemsolutions.de\/wp-content\/uploads\/2019\/10\/9.jpg","width":4724,"height":3543,"caption":"Ozone System Solutions"},"image":{"@id":"https:\/\/ozonesystemsolutions.de\/#\/schema\/logo\/image\/"}}]}},"_links":{"self":[{"href":"https:\/\/ozonesystemsolutions.de\/en\/wp-json\/wp\/v2\/product\/6714","targetHints":{"allow":["GET"]}}],"collection":[{"href":"https:\/\/ozonesystemsolutions.de\/en\/wp-json\/wp\/v2\/product"}],"about":[{"href":"https:\/\/ozonesystemsolutions.de\/en\/wp-json\/wp\/v2\/types\/product"}],"wp:featuredmedia":[{"embeddable":true,"href":"https:\/\/ozonesystemsolutions.de\/en\/wp-json\/wp\/v2\/media\/6895"}],"wp:attachment":[{"href":"https:\/\/ozonesystemsolutions.de\/en\/wp-json\/wp\/v2\/media?parent=6714"}],"wp:term":[{"taxonomy":"product_brand","embeddable":true,"href":"https:\/\/ozonesystemsolutions.de\/en\/wp-json\/wp\/v2\/product_brand?post=6714"},{"taxonomy":"product_cat","embeddable":true,"href":"https:\/\/ozonesystemsolutions.de\/en\/wp-json\/wp\/v2\/product_cat?post=6714"},{"taxonomy":"product_tag","embeddable":true,"href":"https:\/\/ozonesystemsolutions.de\/en\/wp-json\/wp\/v2\/product_tag?post=6714"}],"curies":[{"name":"wp","href":"https:\/\/api.w.org\/{rel}","templated":true}]}}