{"id":6698,"date":"2020-11-21T21:19:47","date_gmt":"2020-11-21T20:19:47","guid":{"rendered":"https:\/\/ozonesystemsolutions.de\/?post_type=product&#038;p=6698"},"modified":"2024-12-09T22:18:31","modified_gmt":"2024-12-09T21:18:31","slug":"maskentrage-und-aufbewahrungsdose-ekastu-nova","status":"publish","type":"product","link":"https:\/\/ozonesystemsolutions.de\/en\/product\/maskentrage-und-aufbewahrungsdose-ekastu-nova\/","title":{"rendered":"Accessories: Mask carrying and storage box EKASTU Nova"},"content":{"rendered":"<p><strong>Product information \"Mask carrying and storage box EKASTU Nova\".<\/strong><\/p>\n<ul>\n<li><strong>for full face masks of all kinds<\/strong> it offers space for mask and filter<\/li>\n<li>made of impact-resistant plastic with continuously adjustable shoulder strap and belt retaining device<\/li>\n<li>for dust-tight storage and safe transport<\/li>\n<li>with \"quick-action\" knob for safe and fast opening even in extremely dangerous situations<\/li>\n<li>protects the mask equipment against impact and shock<\/li>\n<li>very robust and temperature resistant<\/li>\n<li>Weight approx. 400 g<\/li>\n<\/ul>\n<p>&nbsp;<\/p>\n<p><strong>Manufacturer:<\/strong><\/p>\n<p>EKASTU Safety AG, Kreuzb\u00fchel 8, FL-9493 Mauren, Tel: +423 380 06 06<\/p>\n<p><strong>Information on product safety:<\/strong><\/p>\n<p>First read the operating instructions carefully<\/p>","protected":false},"excerpt":{"rendered":"<p>Product information \"Mask carrying and storage box EKASTU Nova\" for full-face masks of all kinds it offers space for mask and filter made of impact-resistant plastic with continuously adjustable shoulder strap and coupling holding device for dust-proof storage and safe transport with \"Ruckzuck\" knob for safe and quick opening even in extremely dangerous situations protects the mask equipment against impact and shock very robust and temperature-resistant Weight approx. [...]<\/p>","protected":false},"featured_media":6871,"template":"","meta":{"_acf_changed":false},"product_brand":[],"product_cat":[65],"product_tag":[],"class_list":{"0":"post-6698","1":"product","2":"type-product","3":"status-publish","4":"has-post-thumbnail","6":"product_cat-atemschutz","7":"tm-no-options","9":"first","10":"instock","11":"taxable","12":"shipping-taxable","13":"purchasable","14":"product-type-simple"},"acf":[],"yoast_head":"<!-- This site is optimized with the Yoast SEO plugin v26.2 - https:\/\/yoast.com\/wordpress\/plugins\/seo\/ -->\n<title>Zubeh\u00f6r: Maskentrage- und Aufbewahrungsdose EKASTU Nova | Ozone Systems Solutions<\/title>\n<meta name=\"robots\" content=\"index, follow, max-snippet:-1, max-image-preview:large, max-video-preview:-1\" \/>\n<link rel=\"canonical\" href=\"https:\/\/ozonesystemsolutions.de\/en\/product\/maskentrage-und-aufbewahrungsdose-ekastu-nova\/\" \/>\n<meta property=\"og:locale\" content=\"en_GB\" \/>\n<meta property=\"og:type\" content=\"article\" \/>\n<meta property=\"og:title\" content=\"Zubeh\u00f6r: Maskentrage- und Aufbewahrungsdose EKASTU Nova | Ozone Systems Solutions\" \/>\n<meta property=\"og:description\" content=\"Produktinformationen &#8222;Maskentrage- und Aufbewahrungsdose EKASTU Nova&#8220; f\u00fcr Vollmasken aller Art bietet sie Platz f\u00fcr Maske und Filter aus schlagfestem Kunststoff mit stufenlos einstellbarem Schultertrageriemen und Koppelhaltevorrichtung zur staubdichten Aufbewahrung und sicherem Transport mit \u201eRuckzuck\u201c-Knauf zum sicher-schnellen \u00d6ffnen auch in extrem gef\u00e4hrlichen Situationen sch\u00fctzt die Maskenausr\u00fcstung gegen Schlag und Sto\u00df sehr robust und temperaturbest\u00e4ndig Gewicht ca. [&hellip;]\" \/>\n<meta property=\"og:url\" content=\"https:\/\/ozonesystemsolutions.de\/en\/product\/maskentrage-und-aufbewahrungsdose-ekastu-nova\/\" \/>\n<meta property=\"og:site_name\" content=\"Ozone Systems Solutions\" \/>\n<meta property=\"article:modified_time\" content=\"2024-12-09T21:18:31+00:00\" \/>\n<meta property=\"og:image\" content=\"https:\/\/ozonesystemsolutions.de\/wp-content\/uploads\/2020\/11\/tasche.png\" \/>\n\t<meta property=\"og:image:width\" content=\"1920\" \/>\n\t<meta property=\"og:image:height\" content=\"1080\" \/>\n\t<meta property=\"og:image:type\" content=\"image\/png\" \/>\n<meta name=\"twitter:card\" content=\"summary_large_image\" \/>\n<meta name=\"twitter:label1\" content=\"Estimated reading time\" \/>\n\t<meta name=\"twitter:data1\" content=\"1 minute\" \/>\n<script type=\"application\/ld+json\" class=\"yoast-schema-graph\">{\"@context\":\"https:\/\/schema.org\",\"@graph\":[{\"@type\":\"WebPage\",\"@id\":\"https:\/\/ozonesystemsolutions.de\/produkt\/maskentrage-und-aufbewahrungsdose-ekastu-nova\/\",\"url\":\"https:\/\/ozonesystemsolutions.de\/produkt\/maskentrage-und-aufbewahrungsdose-ekastu-nova\/\",\"name\":\"Zubeh\u00f6r: Maskentrage- und Aufbewahrungsdose EKASTU Nova | Ozone Systems Solutions\",\"isPartOf\":{\"@id\":\"https:\/\/ozonesystemsolutions.de\/#website\"},\"primaryImageOfPage\":{\"@id\":\"https:\/\/ozonesystemsolutions.de\/produkt\/maskentrage-und-aufbewahrungsdose-ekastu-nova\/#primaryimage\"},\"image\":{\"@id\":\"https:\/\/ozonesystemsolutions.de\/produkt\/maskentrage-und-aufbewahrungsdose-ekastu-nova\/#primaryimage\"},\"thumbnailUrl\":\"https:\/\/ozonesystemsolutions.de\/wp-content\/uploads\/2020\/11\/tasche.png\",\"datePublished\":\"2020-11-21T20:19:47+00:00\",\"dateModified\":\"2024-12-09T21:18:31+00:00\",\"breadcrumb\":{\"@id\":\"https:\/\/ozonesystemsolutions.de\/produkt\/maskentrage-und-aufbewahrungsdose-ekastu-nova\/#breadcrumb\"},\"inLanguage\":\"en-GB\",\"potentialAction\":[{\"@type\":\"ReadAction\",\"target\":[\"https:\/\/ozonesystemsolutions.de\/produkt\/maskentrage-und-aufbewahrungsdose-ekastu-nova\/\"]}]},{\"@type\":\"ImageObject\",\"inLanguage\":\"en-GB\",\"@id\":\"https:\/\/ozonesystemsolutions.de\/produkt\/maskentrage-und-aufbewahrungsdose-ekastu-nova\/#primaryimage\",\"url\":\"https:\/\/ozonesystemsolutions.de\/wp-content\/uploads\/2020\/11\/tasche.png\",\"contentUrl\":\"https:\/\/ozonesystemsolutions.de\/wp-content\/uploads\/2020\/11\/tasche.png\",\"width\":1920,\"height\":1080},{\"@type\":\"BreadcrumbList\",\"@id\":\"https:\/\/ozonesystemsolutions.de\/produkt\/maskentrage-und-aufbewahrungsdose-ekastu-nova\/#breadcrumb\",\"itemListElement\":[{\"@type\":\"ListItem\",\"position\":1,\"name\":\"Startseite\",\"item\":\"https:\/\/ozonesystemsolutions.de\/\"},{\"@type\":\"ListItem\",\"position\":2,\"name\":\"Shop Woocommerce\",\"item\":\"https:\/\/ozonesystemsolutions.de\/shop\/\"},{\"@type\":\"ListItem\",\"position\":3,\"name\":\"Zubeh\u00f6r: Maskentrage- und Aufbewahrungsdose EKASTU Nova\"}]},{\"@type\":\"WebSite\",\"@id\":\"https:\/\/ozonesystemsolutions.de\/#website\",\"url\":\"https:\/\/ozonesystemsolutions.de\/\",\"name\":\"Ozone Systems Solutions\",\"description\":\"\",\"publisher\":{\"@id\":\"https:\/\/ozonesystemsolutions.de\/#organization\"},\"potentialAction\":[{\"@type\":\"SearchAction\",\"target\":{\"@type\":\"EntryPoint\",\"urlTemplate\":\"https:\/\/ozonesystemsolutions.de\/?s={search_term_string}\"},\"query-input\":{\"@type\":\"PropertyValueSpecification\",\"valueRequired\":true,\"valueName\":\"search_term_string\"}}],\"inLanguage\":\"en-GB\"},{\"@type\":\"Organization\",\"@id\":\"https:\/\/ozonesystemsolutions.de\/#organization\",\"name\":\"Ozone System Solutions\",\"url\":\"https:\/\/ozonesystemsolutions.de\/\",\"logo\":{\"@type\":\"ImageObject\",\"inLanguage\":\"en-GB\",\"@id\":\"https:\/\/ozonesystemsolutions.de\/#\/schema\/logo\/image\/\",\"url\":\"https:\/\/ozonesystemsolutions.de\/wp-content\/uploads\/2019\/10\/9.jpg\",\"contentUrl\":\"https:\/\/ozonesystemsolutions.de\/wp-content\/uploads\/2019\/10\/9.jpg\",\"width\":4724,\"height\":3543,\"caption\":\"Ozone System Solutions\"},\"image\":{\"@id\":\"https:\/\/ozonesystemsolutions.de\/#\/schema\/logo\/image\/\"}}]}<\/script>\n<!-- \/ Yoast SEO plugin. -->","yoast_head_json":{"title":"Zubeh\u00f6r: Maskentrage- und Aufbewahrungsdose EKASTU Nova | Ozone Systems Solutions","robots":{"index":"index","follow":"follow","max-snippet":"max-snippet:-1","max-image-preview":"max-image-preview:large","max-video-preview":"max-video-preview:-1"},"canonical":"https:\/\/ozonesystemsolutions.de\/en\/product\/maskentrage-und-aufbewahrungsdose-ekastu-nova\/","og_locale":"en_GB","og_type":"article","og_title":"Zubeh\u00f6r: Maskentrage- und Aufbewahrungsdose EKASTU Nova | Ozone Systems Solutions","og_description":"Produktinformationen &#8222;Maskentrage- und Aufbewahrungsdose EKASTU Nova&#8220; f\u00fcr Vollmasken aller Art bietet sie Platz f\u00fcr Maske und Filter aus schlagfestem Kunststoff mit stufenlos einstellbarem Schultertrageriemen und Koppelhaltevorrichtung zur staubdichten Aufbewahrung und sicherem Transport mit \u201eRuckzuck\u201c-Knauf zum sicher-schnellen \u00d6ffnen auch in extrem gef\u00e4hrlichen Situationen sch\u00fctzt die Maskenausr\u00fcstung gegen Schlag und Sto\u00df sehr robust und temperaturbest\u00e4ndig Gewicht ca. [&hellip;]","og_url":"https:\/\/ozonesystemsolutions.de\/en\/product\/maskentrage-und-aufbewahrungsdose-ekastu-nova\/","og_site_name":"Ozone Systems Solutions","article_modified_time":"2024-12-09T21:18:31+00:00","og_image":[{"width":1920,"height":1080,"url":"https:\/\/ozonesystemsolutions.de\/wp-content\/uploads\/2020\/11\/tasche.png","type":"image\/png"}],"twitter_card":"summary_large_image","twitter_misc":{"Estimated reading time":"1 minute"},"schema":{"@context":"https:\/\/schema.org","@graph":[{"@type":"WebPage","@id":"https:\/\/ozonesystemsolutions.de\/produkt\/maskentrage-und-aufbewahrungsdose-ekastu-nova\/","url":"https:\/\/ozonesystemsolutions.de\/produkt\/maskentrage-und-aufbewahrungsdose-ekastu-nova\/","name":"Zubeh\u00f6r: Maskentrage- und Aufbewahrungsdose EKASTU Nova | Ozone Systems Solutions","isPartOf":{"@id":"https:\/\/ozonesystemsolutions.de\/#website"},"primaryImageOfPage":{"@id":"https:\/\/ozonesystemsolutions.de\/produkt\/maskentrage-und-aufbewahrungsdose-ekastu-nova\/#primaryimage"},"image":{"@id":"https:\/\/ozonesystemsolutions.de\/produkt\/maskentrage-und-aufbewahrungsdose-ekastu-nova\/#primaryimage"},"thumbnailUrl":"https:\/\/ozonesystemsolutions.de\/wp-content\/uploads\/2020\/11\/tasche.png","datePublished":"2020-11-21T20:19:47+00:00","dateModified":"2024-12-09T21:18:31+00:00","breadcrumb":{"@id":"https:\/\/ozonesystemsolutions.de\/produkt\/maskentrage-und-aufbewahrungsdose-ekastu-nova\/#breadcrumb"},"inLanguage":"en-GB","potentialAction":[{"@type":"ReadAction","target":["https:\/\/ozonesystemsolutions.de\/produkt\/maskentrage-und-aufbewahrungsdose-ekastu-nova\/"]}]},{"@type":"ImageObject","inLanguage":"en-GB","@id":"https:\/\/ozonesystemsolutions.de\/produkt\/maskentrage-und-aufbewahrungsdose-ekastu-nova\/#primaryimage","url":"https:\/\/ozonesystemsolutions.de\/wp-content\/uploads\/2020\/11\/tasche.png","contentUrl":"https:\/\/ozonesystemsolutions.de\/wp-content\/uploads\/2020\/11\/tasche.png","width":1920,"height":1080},{"@type":"BreadcrumbList","@id":"https:\/\/ozonesystemsolutions.de\/produkt\/maskentrage-und-aufbewahrungsdose-ekastu-nova\/#breadcrumb","itemListElement":[{"@type":"ListItem","position":1,"name":"Startseite","item":"https:\/\/ozonesystemsolutions.de\/"},{"@type":"ListItem","position":2,"name":"Shop Woocommerce","item":"https:\/\/ozonesystemsolutions.de\/shop\/"},{"@type":"ListItem","position":3,"name":"Zubeh\u00f6r: Maskentrage- und Aufbewahrungsdose EKASTU Nova"}]},{"@type":"WebSite","@id":"https:\/\/ozonesystemsolutions.de\/#website","url":"https:\/\/ozonesystemsolutions.de\/","name":"Ozone Systems Solutions","description":"","publisher":{"@id":"https:\/\/ozonesystemsolutions.de\/#organization"},"potentialAction":[{"@type":"SearchAction","target":{"@type":"EntryPoint","urlTemplate":"https:\/\/ozonesystemsolutions.de\/?s={search_term_string}"},"query-input":{"@type":"PropertyValueSpecification","valueRequired":true,"valueName":"search_term_string"}}],"inLanguage":"en-GB"},{"@type":"Organization","@id":"https:\/\/ozonesystemsolutions.de\/#organization","name":"Ozone System Solutions","url":"https:\/\/ozonesystemsolutions.de\/","logo":{"@type":"ImageObject","inLanguage":"en-GB","@id":"https:\/\/ozonesystemsolutions.de\/#\/schema\/logo\/image\/","url":"https:\/\/ozonesystemsolutions.de\/wp-content\/uploads\/2019\/10\/9.jpg","contentUrl":"https:\/\/ozonesystemsolutions.de\/wp-content\/uploads\/2019\/10\/9.jpg","width":4724,"height":3543,"caption":"Ozone System Solutions"},"image":{"@id":"https:\/\/ozonesystemsolutions.de\/#\/schema\/logo\/image\/"}}]}},"_links":{"self":[{"href":"https:\/\/ozonesystemsolutions.de\/en\/wp-json\/wp\/v2\/product\/6698","targetHints":{"allow":["GET"]}}],"collection":[{"href":"https:\/\/ozonesystemsolutions.de\/en\/wp-json\/wp\/v2\/product"}],"about":[{"href":"https:\/\/ozonesystemsolutions.de\/en\/wp-json\/wp\/v2\/types\/product"}],"wp:featuredmedia":[{"embeddable":true,"href":"https:\/\/ozonesystemsolutions.de\/en\/wp-json\/wp\/v2\/media\/6871"}],"wp:attachment":[{"href":"https:\/\/ozonesystemsolutions.de\/en\/wp-json\/wp\/v2\/media?parent=6698"}],"wp:term":[{"taxonomy":"product_brand","embeddable":true,"href":"https:\/\/ozonesystemsolutions.de\/en\/wp-json\/wp\/v2\/product_brand?post=6698"},{"taxonomy":"product_cat","embeddable":true,"href":"https:\/\/ozonesystemsolutions.de\/en\/wp-json\/wp\/v2\/product_cat?post=6698"},{"taxonomy":"product_tag","embeddable":true,"href":"https:\/\/ozonesystemsolutions.de\/en\/wp-json\/wp\/v2\/product_tag?post=6698"}],"curies":[{"name":"wp","href":"https:\/\/api.w.org\/{rel}","templated":true}]}}