{"id":6513,"date":"2020-09-18T17:10:55","date_gmt":"2020-09-18T15:10:55","guid":{"rendered":"https:\/\/ozonesystemsolutions.de\/?page_id=6513"},"modified":"2020-09-21T18:44:03","modified_gmt":"2020-09-21T16:44:03","slug":"test_page","status":"publish","type":"page","link":"https:\/\/ozonesystemsolutions.de\/en\/test_page\/","title":{"rendered":"test_page"},"content":{"rendered":"<div data-elementor-type=\"wp-page\" data-elementor-id=\"6513\" class=\"elementor elementor-6513\" data-elementor-post-type=\"page\">\n\t\t\t\t\t\t<section class=\"elementor-section elementor-top-section elementor-element elementor-element-0ed06b9 elementor-section-boxed elementor-section-height-default elementor-section-height-default\" data-id=\"0ed06b9\" data-element_type=\"section\">\n\t\t\t\t\t\t<div class=\"elementor-container elementor-column-gap-default\">\n\t\t\t\t\t<div class=\"elementor-column elementor-col-100 elementor-top-column elementor-element elementor-element-a9c114a\" data-id=\"a9c114a\" data-element_type=\"column\">\n\t\t\t<div class=\"elementor-widget-wrap\">\n\t\t\t\t\t\t\t<\/div>\n\t\t<\/div>\n\t\t\t\t\t<\/div>\n\t\t<\/section>\n\t\t\t\t<\/div>","protected":false},"excerpt":{"rendered":"<p>Unser mittelgro\u00dfer Generator. 1.099,90&nbsp;&euro; inkl. MwSt.* Zum Produkt Unser mittelgro\u00dfer Generator. 599,90&nbsp;&euro; inkl. MwSt.* Zum Produkt Unser mittelgro\u00dfer Generator. 549,90&nbsp;&euro; inkl. MwSt.* Zum Produkt Unser mittelgro\u00dfer Generator. 479,90&nbsp;&euro; inkl. MwSt.* Zum Produkt<\/p>","protected":false},"author":1,"featured_media":0,"parent":0,"menu_order":0,"comment_status":"closed","ping_status":"closed","template":"","meta":{"_acf_changed":false,"footnotes":""},"class_list":["post-6513","page","type-page","status-publish","hentry"],"acf":[],"yoast_head":"<!-- This site is optimized with the Yoast SEO plugin v26.2 - https:\/\/yoast.com\/wordpress\/plugins\/seo\/ -->\n<title>test_page | Ozone Systems Solutions<\/title>\n<meta name=\"robots\" content=\"index, follow, max-snippet:-1, max-image-preview:large, max-video-preview:-1\" \/>\n<link rel=\"canonical\" href=\"https:\/\/ozonesystemsolutions.de\/en\/test_page\/\" \/>\n<meta property=\"og:locale\" content=\"en_GB\" \/>\n<meta property=\"og:type\" content=\"article\" \/>\n<meta property=\"og:title\" content=\"test_page | Ozone Systems Solutions\" \/>\n<meta property=\"og:description\" content=\"Unser mittelgro\u00dfer Generator. 1.099,90&nbsp;&euro; inkl. MwSt.* Zum Produkt Unser mittelgro\u00dfer Generator. 599,90&nbsp;&euro; inkl. MwSt.* Zum Produkt Unser mittelgro\u00dfer Generator. 549,90&nbsp;&euro; inkl. MwSt.* Zum Produkt Unser mittelgro\u00dfer Generator. 479,90&nbsp;&euro; inkl. MwSt.* Zum Produkt\" \/>\n<meta property=\"og:url\" content=\"https:\/\/ozonesystemsolutions.de\/en\/test_page\/\" \/>\n<meta property=\"og:site_name\" content=\"Ozone Systems Solutions\" \/>\n<meta property=\"article:modified_time\" content=\"2020-09-21T16:44:03+00:00\" \/>\n<meta name=\"twitter:card\" content=\"summary_large_image\" \/>\n<script type=\"application\/ld+json\" class=\"yoast-schema-graph\">{\"@context\":\"https:\/\/schema.org\",\"@graph\":[{\"@type\":\"WebPage\",\"@id\":\"https:\/\/ozonesystemsolutions.de\/test_page\/\",\"url\":\"https:\/\/ozonesystemsolutions.de\/test_page\/\",\"name\":\"test_page | Ozone Systems Solutions\",\"isPartOf\":{\"@id\":\"https:\/\/ozonesystemsolutions.de\/#website\"},\"datePublished\":\"2020-09-18T15:10:55+00:00\",\"dateModified\":\"2020-09-21T16:44:03+00:00\",\"breadcrumb\":{\"@id\":\"https:\/\/ozonesystemsolutions.de\/test_page\/#breadcrumb\"},\"inLanguage\":\"en-GB\",\"potentialAction\":[{\"@type\":\"ReadAction\",\"target\":[\"https:\/\/ozonesystemsolutions.de\/test_page\/\"]}]},{\"@type\":\"BreadcrumbList\",\"@id\":\"https:\/\/ozonesystemsolutions.de\/test_page\/#breadcrumb\",\"itemListElement\":[{\"@type\":\"ListItem\",\"position\":1,\"name\":\"Startseite\",\"item\":\"https:\/\/ozonesystemsolutions.de\/\"},{\"@type\":\"ListItem\",\"position\":2,\"name\":\"test_page\"}]},{\"@type\":\"WebSite\",\"@id\":\"https:\/\/ozonesystemsolutions.de\/#website\",\"url\":\"https:\/\/ozonesystemsolutions.de\/\",\"name\":\"Ozone Systems Solutions\",\"description\":\"\",\"publisher\":{\"@id\":\"https:\/\/ozonesystemsolutions.de\/#organization\"},\"potentialAction\":[{\"@type\":\"SearchAction\",\"target\":{\"@type\":\"EntryPoint\",\"urlTemplate\":\"https:\/\/ozonesystemsolutions.de\/?s={search_term_string}\"},\"query-input\":{\"@type\":\"PropertyValueSpecification\",\"valueRequired\":true,\"valueName\":\"search_term_string\"}}],\"inLanguage\":\"en-GB\"},{\"@type\":\"Organization\",\"@id\":\"https:\/\/ozonesystemsolutions.de\/#organization\",\"name\":\"Ozone System Solutions\",\"url\":\"https:\/\/ozonesystemsolutions.de\/\",\"logo\":{\"@type\":\"ImageObject\",\"inLanguage\":\"en-GB\",\"@id\":\"https:\/\/ozonesystemsolutions.de\/#\/schema\/logo\/image\/\",\"url\":\"https:\/\/ozonesystemsolutions.de\/wp-content\/uploads\/2019\/10\/9.jpg\",\"contentUrl\":\"https:\/\/ozonesystemsolutions.de\/wp-content\/uploads\/2019\/10\/9.jpg\",\"width\":4724,\"height\":3543,\"caption\":\"Ozone System Solutions\"},\"image\":{\"@id\":\"https:\/\/ozonesystemsolutions.de\/#\/schema\/logo\/image\/\"}}]}<\/script>\n<!-- \/ Yoast SEO plugin. -->","yoast_head_json":{"title":"test_page | Ozone Systems Solutions","robots":{"index":"index","follow":"follow","max-snippet":"max-snippet:-1","max-image-preview":"max-image-preview:large","max-video-preview":"max-video-preview:-1"},"canonical":"https:\/\/ozonesystemsolutions.de\/en\/test_page\/","og_locale":"en_GB","og_type":"article","og_title":"test_page | Ozone Systems Solutions","og_description":"Unser mittelgro\u00dfer Generator. 1.099,90&nbsp;&euro; inkl. MwSt.* Zum Produkt Unser mittelgro\u00dfer Generator. 599,90&nbsp;&euro; inkl. MwSt.* Zum Produkt Unser mittelgro\u00dfer Generator. 549,90&nbsp;&euro; inkl. MwSt.* Zum Produkt Unser mittelgro\u00dfer Generator. 479,90&nbsp;&euro; inkl. MwSt.* Zum Produkt","og_url":"https:\/\/ozonesystemsolutions.de\/en\/test_page\/","og_site_name":"Ozone Systems Solutions","article_modified_time":"2020-09-21T16:44:03+00:00","twitter_card":"summary_large_image","schema":{"@context":"https:\/\/schema.org","@graph":[{"@type":"WebPage","@id":"https:\/\/ozonesystemsolutions.de\/test_page\/","url":"https:\/\/ozonesystemsolutions.de\/test_page\/","name":"test_page | Ozone Systems Solutions","isPartOf":{"@id":"https:\/\/ozonesystemsolutions.de\/#website"},"datePublished":"2020-09-18T15:10:55+00:00","dateModified":"2020-09-21T16:44:03+00:00","breadcrumb":{"@id":"https:\/\/ozonesystemsolutions.de\/test_page\/#breadcrumb"},"inLanguage":"en-GB","potentialAction":[{"@type":"ReadAction","target":["https:\/\/ozonesystemsolutions.de\/test_page\/"]}]},{"@type":"BreadcrumbList","@id":"https:\/\/ozonesystemsolutions.de\/test_page\/#breadcrumb","itemListElement":[{"@type":"ListItem","position":1,"name":"Startseite","item":"https:\/\/ozonesystemsolutions.de\/"},{"@type":"ListItem","position":2,"name":"test_page"}]},{"@type":"WebSite","@id":"https:\/\/ozonesystemsolutions.de\/#website","url":"https:\/\/ozonesystemsolutions.de\/","name":"Ozone Systems Solutions","description":"","publisher":{"@id":"https:\/\/ozonesystemsolutions.de\/#organization"},"potentialAction":[{"@type":"SearchAction","target":{"@type":"EntryPoint","urlTemplate":"https:\/\/ozonesystemsolutions.de\/?s={search_term_string}"},"query-input":{"@type":"PropertyValueSpecification","valueRequired":true,"valueName":"search_term_string"}}],"inLanguage":"en-GB"},{"@type":"Organization","@id":"https:\/\/ozonesystemsolutions.de\/#organization","name":"Ozone System Solutions","url":"https:\/\/ozonesystemsolutions.de\/","logo":{"@type":"ImageObject","inLanguage":"en-GB","@id":"https:\/\/ozonesystemsolutions.de\/#\/schema\/logo\/image\/","url":"https:\/\/ozonesystemsolutions.de\/wp-content\/uploads\/2019\/10\/9.jpg","contentUrl":"https:\/\/ozonesystemsolutions.de\/wp-content\/uploads\/2019\/10\/9.jpg","width":4724,"height":3543,"caption":"Ozone System Solutions"},"image":{"@id":"https:\/\/ozonesystemsolutions.de\/#\/schema\/logo\/image\/"}}]}},"_links":{"self":[{"href":"https:\/\/ozonesystemsolutions.de\/en\/wp-json\/wp\/v2\/pages\/6513","targetHints":{"allow":["GET"]}}],"collection":[{"href":"https:\/\/ozonesystemsolutions.de\/en\/wp-json\/wp\/v2\/pages"}],"about":[{"href":"https:\/\/ozonesystemsolutions.de\/en\/wp-json\/wp\/v2\/types\/page"}],"author":[{"embeddable":true,"href":"https:\/\/ozonesystemsolutions.de\/en\/wp-json\/wp\/v2\/users\/1"}],"replies":[{"embeddable":true,"href":"https:\/\/ozonesystemsolutions.de\/en\/wp-json\/wp\/v2\/comments?post=6513"}],"version-history":[{"count":15,"href":"https:\/\/ozonesystemsolutions.de\/en\/wp-json\/wp\/v2\/pages\/6513\/revisions"}],"predecessor-version":[{"id":6540,"href":"https:\/\/ozonesystemsolutions.de\/en\/wp-json\/wp\/v2\/pages\/6513\/revisions\/6540"}],"wp:attachment":[{"href":"https:\/\/ozonesystemsolutions.de\/en\/wp-json\/wp\/v2\/media?parent=6513"}],"curies":[{"name":"wp","href":"https:\/\/api.w.org\/{rel}","templated":true}]}}