{"id":6255,"date":"2019-09-09T14:54:31","date_gmt":"2019-09-09T12:54:31","guid":{"rendered":"https:\/\/ozonesystemsolutions.de\/imprint\/"},"modified":"2020-04-30T22:49:25","modified_gmt":"2020-04-30T20:49:25","slug":"imprint","status":"publish","type":"page","link":"https:\/\/ozonesystemsolutions.de\/en\/imprint\/","title":{"rendered":"Imprint"},"content":{"rendered":"<div data-elementor-type=\"wp-page\" data-elementor-id=\"6255\" class=\"elementor elementor-6255\" data-elementor-post-type=\"page\">\n\t\t\t\t\t\t<section class=\"elementor-section elementor-top-section elementor-element elementor-element-017e1fd elementor-section-boxed elementor-section-height-default elementor-section-height-default\" data-id=\"017e1fd\" data-element_type=\"section\">\n\t\t\t\t\t\t<div class=\"elementor-container elementor-column-gap-default\">\n\t\t\t\t\t<div class=\"elementor-column elementor-col-100 elementor-top-column elementor-element elementor-element-6765db3\" data-id=\"6765db3\" data-element_type=\"column\">\n\t\t\t<div class=\"elementor-widget-wrap elementor-element-populated\">\n\t\t\t\t\t\t<div class=\"elementor-element elementor-element-9664b8f elementor-widget elementor-widget-spacer\" data-id=\"9664b8f\" data-element_type=\"widget\" data-widget_type=\"spacer.default\">\n\t\t\t\t\t\t\t<div class=\"elementor-spacer\">\n\t\t\t<div class=\"elementor-spacer-inner\"><\/div>\n\t\t<\/div>\n\t\t\t\t\t\t<\/div>\n\t\t\t\t\t<\/div>\n\t\t<\/div>\n\t\t\t\t\t<\/div>\n\t\t<\/section>\n\t\t\t\t<section class=\"elementor-section elementor-top-section elementor-element elementor-element-7c99a553 elementor-section-boxed elementor-section-height-default elementor-section-height-default\" data-id=\"7c99a553\" data-element_type=\"section\">\n\t\t\t\t\t\t<div class=\"elementor-container elementor-column-gap-default\">\n\t\t\t\t\t<div class=\"elementor-column elementor-col-100 elementor-top-column elementor-element elementor-element-65cdc404\" data-id=\"65cdc404\" data-element_type=\"column\">\n\t\t\t<div class=\"elementor-widget-wrap elementor-element-populated\">\n\t\t\t\t\t\t<div class=\"elementor-element elementor-element-461803c3 elementor-widget elementor-widget-text-editor\" data-id=\"461803c3\" data-element_type=\"widget\" data-widget_type=\"text-editor.default\">\n\t\t\t\t\t\t\t\t\t<h1><strong>Imprint<\/strong><\/h1>\n<p>Information according to \u00a7 5 TMG<\/p>\n<p><\/p>\n<p>OSS Ozone System Solutions<\/p>\n<p>UG (limited liability) &amp; Co. KG<\/p>\n<p>S\u00e4lzerstr. 30<\/p>\n<p>63619 Bad Orb<\/p>\n<p><\/p>\n<p><strong>Represented by: <\/strong><\/p>\n<p>Ronny Schreiber and Bj\u00f6rn Die\u00dfl<\/p>\n<p><\/p>\n<p><strong>Contact: <\/strong><\/p>\n<p>Phone: 0170-4938366<\/p>\n<p>E-mail: OSS.Service@gmx.net<\/p>\n<p><\/p>\n<p><strong>sales tax<\/strong> ID: Sales tax identification number according to \u00a727a sales tax law: DE32 6587579<\/p>\n<p><\/p>\n<p><strong>&nbsp;<\/strong><\/p>\n<p><strong>Disclaimer of liability: <\/strong><\/p>\n<p><\/p>\n<p><strong>Liability for contents<\/strong><\/p>\n<p><\/p>\n<p>The contents of our pages were created with the greatest care. However, we cannot assume any liability for the correctness, completeness and topicality of the contents. As a service provider, we are responsible for our own content on these pages according to \u00a7 7 para.1 TMG (German Telemedia Act) and general laws. According to \u00a7\u00a7 8 to 10 TMG, we are not obliged to monitor transmitted or stored external information or to investigate circumstances that indicate illegal activity. Obligations to remove or block the use of information according to general laws remain unaffected. However, liability in this respect is only possible from the time of knowledge of a concrete infringement. If we become aware of any such infringements, we will remove such content immediately.<\/p>\n<p><\/p>\n<p><strong>Liability for links<\/strong><\/p>\n<p>Our offer contains links to external websites of third parties, on whose contents we have no influence. Therefore we cannot assume any liability for these external contents. The respective provider or operator of the sites is always responsible for the contents of the linked sites. The linked pages were checked for possible legal violations at the time of linking. Illegal contents were not identifiable at the time of linking. However, a permanent control of the contents of the linked pages is not reasonable without concrete evidence of a violation of the law. If we become aware of any infringements, we will remove such links immediately.<\/p>\n<p><\/p>\n<p><strong>Copyright<\/strong><\/p>\n<p><\/p>\n<p>The contents and works on these pages created by the site operators are subject to German copyright law. The reproduction, editing, distribution and any kind of use outside the limits of copyright law require the written consent of the respective author or creator. Downloads and copies of these pages are only permitted for private, non-commercial use. Insofar as the content on this site was not created by the operator, the copyrights of third parties are respected. In particular, third-party content is marked as such. Should you nevertheless become aware of a copyright infringement, please inform us accordingly. If we become aware of any infringements, we will remove such contents immediately.<\/p>\n<p><\/p>\n<p><strong>Data protection<\/strong><\/p>\n<p><\/p>\n<p>The use of our website is usually possible without providing personal data. As far as personal data (e.g. name, address or e-mail addresses) is collected on our website, this is always done on a voluntary basis, as far as possible. These data will not be passed on to third parties without your express consent.<\/p>\n<p>We would like to point out that data transmission on the Internet (e.g. communication by e-mail) can have security gaps. A complete protection of data against access by third parties is not possible.<\/p>\n<p>The use of contact data published within the scope of the imprint obligation by third parties for sending advertising and information material not expressly requested is hereby expressly prohibited. The operators of the pages expressly reserve the right to take legal action in the event of the unsolicited sending of advertising information, for example through spam mails.<\/p>\n\t\t\t\t\t\t\t\t<\/div>\n\t\t\t\t<div class=\"elementor-element elementor-element-bf7602a elementor-widget elementor-widget-global elementor-global-313 elementor-widget-spacer\" data-id=\"bf7602a\" data-element_type=\"widget\" data-widget_type=\"spacer.default\">\n\t\t\t\t\t\t\t<div class=\"elementor-spacer\">\n\t\t\t<div class=\"elementor-spacer-inner\"><\/div>\n\t\t<\/div>\n\t\t\t\t\t\t<\/div>\n\t\t\t\t\t<\/div>\n\t\t<\/div>\n\t\t\t\t\t<\/div>\n\t\t<\/section>\n\t\t\t\t<\/div>","protected":false},"excerpt":{"rendered":"<p>Imprint Information according to \u00a7 5 TMG OSS Ozone System Solutions UG (haftungsbeschr\u00e4nkt) &amp; Co. KG S\u00e4lzerstr. 30 63619 Bad Orb Represented by: Ronny Schreiber and Bj\u00f6rn Die\u00dfl Contact: Phone: 0170-4938366 E-mail: OSS.Service@gmx.net Sales tax ID: Sales tax identification number according to \u00a727a sales tax law: DE32 6587579 Disclaimer of liability: Liability for contents [...]<\/p>","protected":false},"author":1,"featured_media":0,"parent":0,"menu_order":0,"comment_status":"closed","ping_status":"closed","template":"elementor_header_footer","meta":{"_acf_changed":false,"footnotes":""},"class_list":["post-6255","page","type-page","status-publish","hentry"],"acf":[],"yoast_head":"<!-- This site is optimized with the Yoast SEO plugin v26.2 - https:\/\/yoast.com\/wordpress\/plugins\/seo\/ -->\n<title>Imprint Ozone System Solutions Ozongeneratoren<\/title>\n<meta name=\"description\" content=\"Find out who is behind the website of Ozone System Solutions Ozone Generators through our imprint.\" \/>\n<meta name=\"robots\" content=\"index, follow, max-snippet:-1, max-image-preview:large, max-video-preview:-1\" \/>\n<link rel=\"canonical\" href=\"https:\/\/ozonesystemsolutions.de\/en\/imprint\/\" \/>\n<meta property=\"og:locale\" content=\"en_GB\" \/>\n<meta property=\"og:type\" content=\"article\" \/>\n<meta property=\"og:title\" content=\"Imprint Ozone System Solutions Ozongeneratoren\" \/>\n<meta property=\"og:description\" content=\"Find out who is behind the website of Ozone System Solutions Ozone Generators through our imprint.\" \/>\n<meta property=\"og:url\" content=\"https:\/\/ozonesystemsolutions.de\/en\/imprint\/\" \/>\n<meta property=\"og:site_name\" content=\"Ozone Systems Solutions\" \/>\n<meta property=\"article:modified_time\" content=\"2020-04-30T20:49:25+00:00\" \/>\n<meta name=\"twitter:card\" content=\"summary_large_image\" \/>\n<meta name=\"twitter:label1\" content=\"Estimated reading time\" \/>\n\t<meta name=\"twitter:data1\" content=\"3 minutes\" \/>\n<script type=\"application\/ld+json\" class=\"yoast-schema-graph\">{\"@context\":\"https:\/\/schema.org\",\"@graph\":[{\"@type\":\"WebPage\",\"@id\":\"https:\/\/ozonesystemsolutions.de\/imprint\/\",\"url\":\"https:\/\/ozonesystemsolutions.de\/imprint\/\",\"name\":\"Imprint Ozone System Solutions Ozongeneratoren\",\"isPartOf\":{\"@id\":\"https:\/\/ozonesystemsolutions.de\/#website\"},\"datePublished\":\"2019-09-09T12:54:31+00:00\",\"dateModified\":\"2020-04-30T20:49:25+00:00\",\"description\":\"Find out who is behind the website of Ozone System Solutions Ozone Generators through our imprint.\",\"breadcrumb\":{\"@id\":\"https:\/\/ozonesystemsolutions.de\/imprint\/#breadcrumb\"},\"inLanguage\":\"en-GB\",\"potentialAction\":[{\"@type\":\"ReadAction\",\"target\":[\"https:\/\/ozonesystemsolutions.de\/imprint\/\"]}]},{\"@type\":\"BreadcrumbList\",\"@id\":\"https:\/\/ozonesystemsolutions.de\/imprint\/#breadcrumb\",\"itemListElement\":[{\"@type\":\"ListItem\",\"position\":1,\"name\":\"Startseite\",\"item\":\"https:\/\/ozonesystemsolutions.de\/\"},{\"@type\":\"ListItem\",\"position\":2,\"name\":\"Imprint\"}]},{\"@type\":\"WebSite\",\"@id\":\"https:\/\/ozonesystemsolutions.de\/#website\",\"url\":\"https:\/\/ozonesystemsolutions.de\/\",\"name\":\"Ozone Systems Solutions\",\"description\":\"\",\"publisher\":{\"@id\":\"https:\/\/ozonesystemsolutions.de\/#organization\"},\"potentialAction\":[{\"@type\":\"SearchAction\",\"target\":{\"@type\":\"EntryPoint\",\"urlTemplate\":\"https:\/\/ozonesystemsolutions.de\/?s={search_term_string}\"},\"query-input\":{\"@type\":\"PropertyValueSpecification\",\"valueRequired\":true,\"valueName\":\"search_term_string\"}}],\"inLanguage\":\"en-GB\"},{\"@type\":\"Organization\",\"@id\":\"https:\/\/ozonesystemsolutions.de\/#organization\",\"name\":\"Ozone System Solutions\",\"url\":\"https:\/\/ozonesystemsolutions.de\/\",\"logo\":{\"@type\":\"ImageObject\",\"inLanguage\":\"en-GB\",\"@id\":\"https:\/\/ozonesystemsolutions.de\/#\/schema\/logo\/image\/\",\"url\":\"https:\/\/ozonesystemsolutions.de\/wp-content\/uploads\/2019\/10\/9.jpg\",\"contentUrl\":\"https:\/\/ozonesystemsolutions.de\/wp-content\/uploads\/2019\/10\/9.jpg\",\"width\":4724,\"height\":3543,\"caption\":\"Ozone System Solutions\"},\"image\":{\"@id\":\"https:\/\/ozonesystemsolutions.de\/#\/schema\/logo\/image\/\"}}]}<\/script>\n<!-- \/ Yoast SEO plugin. -->","yoast_head_json":{"title":"Imprint Ozone System Solutions Ozongeneratoren","description":"Find out who is behind the website of Ozone System Solutions Ozone Generators through our imprint.","robots":{"index":"index","follow":"follow","max-snippet":"max-snippet:-1","max-image-preview":"max-image-preview:large","max-video-preview":"max-video-preview:-1"},"canonical":"https:\/\/ozonesystemsolutions.de\/en\/imprint\/","og_locale":"en_GB","og_type":"article","og_title":"Imprint Ozone System Solutions Ozongeneratoren","og_description":"Find out who is behind the website of Ozone System Solutions Ozone Generators through our imprint.","og_url":"https:\/\/ozonesystemsolutions.de\/en\/imprint\/","og_site_name":"Ozone Systems Solutions","article_modified_time":"2020-04-30T20:49:25+00:00","twitter_card":"summary_large_image","twitter_misc":{"Estimated reading time":"3 minutes"},"schema":{"@context":"https:\/\/schema.org","@graph":[{"@type":"WebPage","@id":"https:\/\/ozonesystemsolutions.de\/imprint\/","url":"https:\/\/ozonesystemsolutions.de\/imprint\/","name":"Imprint Ozone System Solutions Ozongeneratoren","isPartOf":{"@id":"https:\/\/ozonesystemsolutions.de\/#website"},"datePublished":"2019-09-09T12:54:31+00:00","dateModified":"2020-04-30T20:49:25+00:00","description":"Find out who is behind the website of Ozone System Solutions Ozone Generators through our imprint.","breadcrumb":{"@id":"https:\/\/ozonesystemsolutions.de\/imprint\/#breadcrumb"},"inLanguage":"en-GB","potentialAction":[{"@type":"ReadAction","target":["https:\/\/ozonesystemsolutions.de\/imprint\/"]}]},{"@type":"BreadcrumbList","@id":"https:\/\/ozonesystemsolutions.de\/imprint\/#breadcrumb","itemListElement":[{"@type":"ListItem","position":1,"name":"Startseite","item":"https:\/\/ozonesystemsolutions.de\/"},{"@type":"ListItem","position":2,"name":"Imprint"}]},{"@type":"WebSite","@id":"https:\/\/ozonesystemsolutions.de\/#website","url":"https:\/\/ozonesystemsolutions.de\/","name":"Ozone Systems Solutions","description":"","publisher":{"@id":"https:\/\/ozonesystemsolutions.de\/#organization"},"potentialAction":[{"@type":"SearchAction","target":{"@type":"EntryPoint","urlTemplate":"https:\/\/ozonesystemsolutions.de\/?s={search_term_string}"},"query-input":{"@type":"PropertyValueSpecification","valueRequired":true,"valueName":"search_term_string"}}],"inLanguage":"en-GB"},{"@type":"Organization","@id":"https:\/\/ozonesystemsolutions.de\/#organization","name":"Ozone System Solutions","url":"https:\/\/ozonesystemsolutions.de\/","logo":{"@type":"ImageObject","inLanguage":"en-GB","@id":"https:\/\/ozonesystemsolutions.de\/#\/schema\/logo\/image\/","url":"https:\/\/ozonesystemsolutions.de\/wp-content\/uploads\/2019\/10\/9.jpg","contentUrl":"https:\/\/ozonesystemsolutions.de\/wp-content\/uploads\/2019\/10\/9.jpg","width":4724,"height":3543,"caption":"Ozone System Solutions"},"image":{"@id":"https:\/\/ozonesystemsolutions.de\/#\/schema\/logo\/image\/"}}]}},"_links":{"self":[{"href":"https:\/\/ozonesystemsolutions.de\/en\/wp-json\/wp\/v2\/pages\/6255","targetHints":{"allow":["GET"]}}],"collection":[{"href":"https:\/\/ozonesystemsolutions.de\/en\/wp-json\/wp\/v2\/pages"}],"about":[{"href":"https:\/\/ozonesystemsolutions.de\/en\/wp-json\/wp\/v2\/types\/page"}],"author":[{"embeddable":true,"href":"https:\/\/ozonesystemsolutions.de\/en\/wp-json\/wp\/v2\/users\/1"}],"replies":[{"embeddable":true,"href":"https:\/\/ozonesystemsolutions.de\/en\/wp-json\/wp\/v2\/comments?post=6255"}],"version-history":[{"count":2,"href":"https:\/\/ozonesystemsolutions.de\/en\/wp-json\/wp\/v2\/pages\/6255\/revisions"}],"predecessor-version":[{"id":7512,"href":"https:\/\/ozonesystemsolutions.de\/en\/wp-json\/wp\/v2\/pages\/6255\/revisions\/7512"}],"wp:attachment":[{"href":"https:\/\/ozonesystemsolutions.de\/en\/wp-json\/wp\/v2\/media?parent=6255"}],"curies":[{"name":"wp","href":"https:\/\/api.w.org\/{rel}","templated":true}]}}