{"id":261,"date":"2019-09-12T14:32:26","date_gmt":"2019-09-12T12:32:26","guid":{"rendered":"https:\/\/oss.pandowebsites.de\/?page_id=261"},"modified":"2025-10-09T12:22:10","modified_gmt":"2025-10-09T10:22:10","slug":"kontakt","status":"publish","type":"page","link":"https:\/\/ozonesystemsolutions.de\/en\/kontakt\/","title":{"rendered":"Contact"},"content":{"rendered":"<div data-elementor-type=\"wp-page\" data-elementor-id=\"261\" class=\"elementor elementor-261\" data-elementor-post-type=\"page\">\n\t\t\t\t\t\t<section class=\"elementor-section elementor-top-section elementor-element elementor-element-6ca473d elementor-section-full_width elementor-section-height-default elementor-section-height-default\" data-id=\"6ca473d\" data-element_type=\"section\" id=\"hero\" data-settings=\"{&quot;background_background&quot;:&quot;classic&quot;,&quot;shape_divider_bottom&quot;:&quot;waves&quot;}\">\n\t\t\t\t\t\t\t<div class=\"elementor-background-overlay\"><\/div>\n\t\t\t\t\t\t<div class=\"elementor-shape elementor-shape-bottom\" aria-hidden=\"true\" data-negative=\"false\">\n\t\t\t<svg xmlns=\"http:\/\/www.w3.org\/2000\/svg\" viewbox=\"0 0 1000 100\" preserveaspectratio=\"none\">\n\t<path class=\"elementor-shape-fill\" d=\"M421.9,6.5c22.6-2.5,51.5,0.4,75.5,5.3c23.6,4.9,70.9,23.5,100.5,35.7c75.8,32.2,133.7,44.5,192.6,49.7\tc23.6,2.1,48.7,3.5,103.4-2.5c54.7-6,106.2-25.6,106.2-25.6V0H0v30.3c0,0,72,32.6,158.4,30.5c39.2-0.7,92.8-6.7,134-22.4\tc21.2-8.1,52.2-18.2,79.7-24.2C399.3,7.9,411.6,7.5,421.9,6.5z\"\/>\n<\/svg>\t\t<\/div>\n\t\t\t\t\t<div class=\"elementor-container elementor-column-gap-default\">\n\t\t\t\t\t<div class=\"elementor-column elementor-col-100 elementor-top-column elementor-element elementor-element-4547e762\" data-id=\"4547e762\" data-element_type=\"column\">\n\t\t\t<div class=\"elementor-widget-wrap elementor-element-populated\">\n\t\t\t\t\t\t<section class=\"elementor-section elementor-inner-section elementor-element elementor-element-1dbaa63e elementor-section-boxed elementor-section-height-default elementor-section-height-default\" data-id=\"1dbaa63e\" data-element_type=\"section\" id=\"hero-inner\" data-settings=\"{&quot;background_background&quot;:&quot;classic&quot;}\">\n\t\t\t\t\t\t<div class=\"elementor-container elementor-column-gap-default\">\n\t\t\t\t\t<div class=\"elementor-column elementor-col-50 elementor-inner-column elementor-element elementor-element-38ac31d4\" data-id=\"38ac31d4\" data-element_type=\"column\">\n\t\t\t<div class=\"elementor-widget-wrap elementor-element-populated\">\n\t\t\t\t\t\t<div class=\"elementor-element elementor-element-13cfaa58 elementor-invisible elementor-widget elementor-widget-heading\" data-id=\"13cfaa58\" data-element_type=\"widget\" data-settings=\"{&quot;_animation&quot;:&quot;fadeIn&quot;}\" data-widget_type=\"heading.default\">\n\t\t\t\t\t<h1 class=\"elementor-heading-title elementor-size-default\">Contact<\/h1>\t\t\t\t<\/div>\n\t\t\t\t\t<\/div>\n\t\t<\/div>\n\t\t\t\t<div class=\"elementor-column elementor-col-50 elementor-inner-column elementor-element elementor-element-5bd246ae\" data-id=\"5bd246ae\" data-element_type=\"column\">\n\t\t\t<div class=\"elementor-widget-wrap\">\n\t\t\t\t\t\t\t<\/div>\n\t\t<\/div>\n\t\t\t\t\t<\/div>\n\t\t<\/section>\n\t\t\t\t\t<\/div>\n\t\t<\/div>\n\t\t\t\t\t<\/div>\n\t\t<\/section>\n\t\t\t\t<section class=\"elementor-section elementor-top-section elementor-element elementor-element-809c258 elementor-section-boxed elementor-section-height-default elementor-section-height-default\" data-id=\"809c258\" data-element_type=\"section\" data-settings=\"{&quot;background_background&quot;:&quot;classic&quot;}\">\n\t\t\t\t\t\t<div class=\"elementor-container elementor-column-gap-wide\">\n\t\t\t\t\t<div class=\"elementor-column elementor-col-100 elementor-top-column elementor-element elementor-element-36d4f28\" data-id=\"36d4f28\" data-element_type=\"column\">\n\t\t\t<div class=\"elementor-widget-wrap elementor-element-populated\">\n\t\t\t\t\t\t<div class=\"elementor-element elementor-element-69fe4fb elementor-widget elementor-widget-global elementor-global-171 elementor-widget-spacer\" data-id=\"69fe4fb\" data-element_type=\"widget\" data-widget_type=\"spacer.default\">\n\t\t\t\t\t\t\t<div class=\"elementor-spacer\">\n\t\t\t<div class=\"elementor-spacer-inner\"><\/div>\n\t\t<\/div>\n\t\t\t\t\t\t<\/div>\n\t\t\t\t<div class=\"elementor-element elementor-element-b9f6aaf elementor-widget elementor-widget-heading\" data-id=\"b9f6aaf\" data-element_type=\"widget\" data-widget_type=\"heading.default\">\n\t\t\t\t\t<h2 class=\"elementor-heading-title elementor-size-default\">How you can reach us<\/h2>\t\t\t\t<\/div>\n\t\t\t\t\t<\/div>\n\t\t<\/div>\n\t\t\t\t\t<\/div>\n\t\t<\/section>\n\t\t\t\t<section class=\"elementor-section elementor-top-section elementor-element elementor-element-849f944 elementor-section-boxed elementor-section-height-default elementor-section-height-default\" data-id=\"849f944\" data-element_type=\"section\" data-settings=\"{&quot;background_background&quot;:&quot;classic&quot;}\">\n\t\t\t\t\t\t<div class=\"elementor-container elementor-column-gap-wide\">\n\t\t\t\t\t<div class=\"elementor-column elementor-col-50 elementor-top-column elementor-element elementor-element-98467d5\" data-id=\"98467d5\" data-element_type=\"column\">\n\t\t\t<div class=\"elementor-widget-wrap elementor-element-populated\">\n\t\t\t\t\t\t<div class=\"elementor-element elementor-element-513a789 elementor-button-align-stretch elementor-widget elementor-widget-form\" data-id=\"513a789\" data-element_type=\"widget\" data-settings=\"{&quot;step_next_label&quot;:&quot;N\\u00e4chster&quot;,&quot;step_previous_label&quot;:&quot;Voriger&quot;,&quot;button_width&quot;:&quot;100&quot;,&quot;step_type&quot;:&quot;number_text&quot;,&quot;step_icon_shape&quot;:&quot;circle&quot;}\" data-widget_type=\"form.default\">\n\t\t\t\t\t\t\t<form class=\"elementor-form\" method=\"post\" name=\"Neues Formular\" aria-label=\"Neues Formular\" action=\"\">\n\t\t\t<input type=\"hidden\" name=\"post_id\" value=\"261\"\/>\n\t\t\t<input type=\"hidden\" name=\"form_id\" value=\"513a789\"\/>\n\t\t\t<input type=\"hidden\" name=\"referer_title\" value=\"Kontaktseite | Ozone System Solutions Ozongeneratoren\" \/>\n\n\t\t\t\t\t\t\t<input type=\"hidden\" name=\"queried_id\" value=\"261\"\/>\n\t\t\t\n\t\t\t<div class=\"elementor-form-fields-wrapper elementor-labels-\">\n\t\t\t\t\t\t\t\t<div class=\"elementor-field-type-text elementor-field-group elementor-column elementor-field-group-name elementor-col-100\">\n\t\t\t\t\t\t\t\t\t\t\t\t<label for=\"form-field-name\" class=\"elementor-field-label elementor-screen-only\">\n\t\t\t\t\t\t\t\tName\t\t\t\t\t\t\t<\/label>\n\t\t\t\t\t\t\t\t\t\t\t\t\t\t<input size=\"1\" type=\"text\" name=\"form_fields[name]\" id=\"form-field-name\" class=\"elementor-field elementor-size-sm  elementor-field-textual\" placeholder=\"Name\">\n\t\t\t\t\t\t\t\t\t\t\t<\/div>\n\t\t\t\t\t\t\t\t<div class=\"elementor-field-type-email elementor-field-group elementor-column elementor-field-group-email elementor-col-100 elementor-field-required\">\n\t\t\t\t\t\t\t\t\t\t\t\t<label for=\"form-field-email\" class=\"elementor-field-label elementor-screen-only\">\n\t\t\t\t\t\t\t\tEmail\t\t\t\t\t\t\t<\/label>\n\t\t\t\t\t\t\t\t\t\t\t\t\t\t<input size=\"1\" type=\"email\" name=\"form_fields[email]\" id=\"form-field-email\" class=\"elementor-field elementor-size-sm  elementor-field-textual\" placeholder=\"Email\" required=\"required\">\n\t\t\t\t\t\t\t\t\t\t\t<\/div>\n\t\t\t\t\t\t\t\t<div class=\"elementor-field-type-textarea elementor-field-group elementor-column elementor-field-group-message elementor-col-100\">\n\t\t\t\t\t\t\t\t\t\t\t\t<label for=\"form-field-message\" class=\"elementor-field-label elementor-screen-only\">\n\t\t\t\t\t\t\t\tMessage\t\t\t\t\t\t\t<\/label>\n\t\t\t\t\t\t<textarea class=\"elementor-field-textual elementor-field  elementor-size-sm\" name=\"form_fields[message]\" id=\"form-field-message\" rows=\"4\" placeholder=\"Message\"><\/textarea>\t\t\t\t<\/div>\n\t\t\t\t\t\t\t\t<div class=\"elementor-field-type-text\">\n\t\t\t\t\t<input size=\"1\" type=\"text\" name=\"form_fields[field_da8ac9a]\" id=\"form-field-field_da8ac9a\" class=\"elementor-field elementor-size-sm\" style=\"display:none !important;\">\t\t\t\t<\/div>\n\t\t\t\t\t\t\t\t<div class=\"elementor-field-group elementor-column elementor-field-type-submit elementor-col-100 e-form__buttons\">\n\t\t\t\t\t<button class=\"elementor-button elementor-size-sm\" type=\"submit\">\n\t\t\t\t\t\t<span class=\"elementor-button-content-wrapper\">\n\t\t\t\t\t\t\t\t\t\t\t\t\t\t\t\t\t\t\t\t\t\t<span class=\"elementor-button-text\">Send<\/span>\n\t\t\t\t\t\t\t\t\t\t\t\t\t<\/span>\n\t\t\t\t\t<\/button>\n\t\t\t\t<\/div>\n\t\t\t<\/div>\n\t\t<input type=\"hidden\" name=\"trp-form-language\" value=\"en\"\/><\/form>\n\t\t\t\t\t\t<\/div>\n\t\t\t\t\t<\/div>\n\t\t<\/div>\n\t\t\t\t<div class=\"elementor-column elementor-col-50 elementor-top-column elementor-element elementor-element-308fe18\" data-id=\"308fe18\" data-element_type=\"column\">\n\t\t\t<div class=\"elementor-widget-wrap elementor-element-populated\">\n\t\t\t\t\t\t<div class=\"elementor-element elementor-element-1afe7c4 elementor-align-left iconlist elementor-icon-list--layout-traditional elementor-list-item-link-full_width elementor-widget elementor-widget-icon-list\" data-id=\"1afe7c4\" data-element_type=\"widget\" data-widget_type=\"icon-list.default\">\n\t\t\t\t\t\t\t<ul class=\"elementor-icon-list-items\">\n\t\t\t\t\t\t\t<li class=\"elementor-icon-list-item\">\n\t\t\t\t\t\t\t\t\t\t\t<span class=\"elementor-icon-list-icon\">\n\t\t\t\t\t\t\t<i aria-hidden=\"true\" class=\"fas fa-industry\"><\/i>\t\t\t\t\t\t<\/span>\n\t\t\t\t\t\t\t\t\t\t<span class=\"elementor-icon-list-text\">OSS Ozone System Solutions GmbH &amp; Co. KG <br>Lange Str. 11 <br>63654 B\u00fcdingen <\/span>\n\t\t\t\t\t\t\t\t\t<\/li>\n\t\t\t\t\t\t\t\t<li class=\"elementor-icon-list-item\">\n\t\t\t\t\t\t\t\t\t\t\t<a href=\"tel:+4915127160467\">\n\n\t\t\t\t\t\t\t\t\t\t\t\t<span class=\"elementor-icon-list-icon\">\n\t\t\t\t\t\t\t<i aria-hidden=\"true\" class=\"fas fa-mobile-alt\"><\/i>\t\t\t\t\t\t<\/span>\n\t\t\t\t\t\t\t\t\t\t<span class=\"elementor-icon-list-text\">+49 151 \/ 27160467<\/span>\n\t\t\t\t\t\t\t\t\t\t\t<\/a>\n\t\t\t\t\t\t\t\t\t<\/li>\n\t\t\t\t\t\t\t\t<li class=\"elementor-icon-list-item\">\n\t\t\t\t\t\t\t\t\t\t\t<a href=\"mailto:info@ozonesystemsolutions.de\">\n\n\t\t\t\t\t\t\t\t\t\t\t\t<span class=\"elementor-icon-list-icon\">\n\t\t\t\t\t\t\t<i aria-hidden=\"true\" class=\"fas fa-envelope\"><\/i>\t\t\t\t\t\t<\/span>\n\t\t\t\t\t\t\t\t\t\t<span class=\"elementor-icon-list-text\">info@ozonesystemsolutions.de<\/span>\n\t\t\t\t\t\t\t\t\t\t\t<\/a>\n\t\t\t\t\t\t\t\t\t<\/li>\n\t\t\t\t\t\t\t\t<li class=\"elementor-icon-list-item\">\n\t\t\t\t\t\t\t\t\t\t\t<span class=\"elementor-icon-list-icon\">\n\t\t\t\t\t\t\t<i aria-hidden=\"true\" class=\"fas fa-user-friends\"><\/i>\t\t\t\t\t\t<\/span>\n\t\t\t\t\t\t\t\t\t\t<span class=\"elementor-icon-list-text\"> Managing directors: Ronny Schreiber and Bj\u00f6rn Die\u00dfl<\/span>\n\t\t\t\t\t\t\t\t\t<\/li>\n\t\t\t\t\t\t\t\t<li class=\"elementor-icon-list-item\">\n\t\t\t\t\t\t\t\t\t\t\t<span class=\"elementor-icon-list-icon\">\n\t\t\t\t\t\t\t<i aria-hidden=\"true\" class=\"fas fa-building\"><\/i>\t\t\t\t\t\t<\/span>\n\t\t\t\t\t\t\t\t\t\t<span class=\"elementor-icon-list-text\">Commercial register: Friedberg, HRA 4936, Ust-ID-Nr. DE32 6587579<\/span>\n\t\t\t\t\t\t\t\t\t<\/li>\n\t\t\t\t\t\t<\/ul>\n\t\t\t\t\t\t<\/div>\n\t\t\t\t\t<\/div>\n\t\t<\/div>\n\t\t\t\t\t<\/div>\n\t\t<\/section>\n\t\t\t\t<section class=\"elementor-section elementor-top-section elementor-element elementor-element-bad449b elementor-section-boxed elementor-section-height-default elementor-section-height-default\" data-id=\"bad449b\" data-element_type=\"section\" data-settings=\"{&quot;background_background&quot;:&quot;classic&quot;}\">\n\t\t\t\t\t\t<div class=\"elementor-container elementor-column-gap-wide\">\n\t\t\t\t\t<div class=\"elementor-column elementor-col-100 elementor-top-column elementor-element elementor-element-52bf52a\" data-id=\"52bf52a\" data-element_type=\"column\" data-settings=\"{&quot;background_background&quot;:&quot;classic&quot;}\">\n\t\t\t<div class=\"elementor-widget-wrap elementor-element-populated\">\n\t\t\t\t\t\t<div class=\"elementor-element elementor-element-046238a elementor-widget elementor-widget-global elementor-global-171 elementor-widget-spacer\" data-id=\"046238a\" data-element_type=\"widget\" data-widget_type=\"spacer.default\">\n\t\t\t\t\t\t\t<div class=\"elementor-spacer\">\n\t\t\t<div class=\"elementor-spacer-inner\"><\/div>\n\t\t<\/div>\n\t\t\t\t\t\t<\/div>\n\t\t\t\t<div class=\"elementor-element elementor-element-935f7c6 elementor-widget elementor-widget-google_maps\" data-id=\"935f7c6\" data-element_type=\"widget\" data-widget_type=\"google_maps.default\">\n\t\t\t\t\t\t\t<div class=\"elementor-custom-embed\">\n\t\t\t<iframe loading=\"lazy\"\n\t\t\t\t\tsrc=\"https:\/\/maps.google.com\/maps?q=OSS%20Ozone%20System%20Solutions%20UG%20S%C3%A4lzerstr.%2030%2C%2063619%20Bad%20Orb%E2%80%8B&#038;t=m&#038;z=9&#038;output=embed&#038;iwloc=near\"\n\t\t\t\t\ttitle=\"OSS Ozone System Solutions UG S\u00e4lzerstr. 30, 63619 Bad Orb\u200b\"\n\t\t\t\t\taria-label=\"OSS Ozone System Solutions UG S\u00e4lzerstr. 30, 63619 Bad Orb\u200b\"\n\t\t\t><\/iframe>\n\t\t<\/div>\n\t\t\t\t\t\t<\/div>\n\t\t\t\t\t<\/div>\n\t\t<\/div>\n\t\t\t\t\t<\/div>\n\t\t<\/section>\n\t\t\t\t<\/div>","protected":false},"excerpt":{"rendered":"<p>Kontakt So k\u00f6nnen Sie uns erreichen OSS Ozone System Solutions GmbH &amp; Co. KG Lange Str. 11 63654 B\u00fcdingen +49 151 \/ 27160467 info@ozonesystemsolutions.de Gesch\u00e4ftsf\u00fchrer: Ronny Schreiber und Bj\u00f6rn Die\u00dfl Handelsregister: Friedberg, HRA 4936, Ust-ID-Nr. DE32 6587579<\/p>","protected":false},"author":1,"featured_media":0,"parent":0,"menu_order":0,"comment_status":"closed","ping_status":"closed","template":"elementor_header_footer","meta":{"_acf_changed":false,"footnotes":""},"class_list":["post-261","page","type-page","status-publish","hentry"],"acf":[],"yoast_head":"<!-- This site is optimized with the Yoast SEO plugin v26.2 - https:\/\/yoast.com\/wordpress\/plugins\/seo\/ -->\n<title>Kontaktseite | Ozone System Solutions Ozongeneratoren<\/title>\n<meta name=\"description\" content=\"Finden Sie hier heraus wie sie uns erreichen k\u00f6nnen. Auf dieser Website finden Sie ein Kontaktformular, unsere Telefonnummer und E-Mail-Adresse.\" \/>\n<meta name=\"robots\" content=\"index, follow, max-snippet:-1, max-image-preview:large, max-video-preview:-1\" \/>\n<link rel=\"canonical\" href=\"https:\/\/ozonesystemsolutions.de\/en\/kontakt\/\" \/>\n<meta property=\"og:locale\" content=\"en_GB\" \/>\n<meta property=\"og:type\" content=\"article\" \/>\n<meta property=\"og:title\" content=\"Kontaktseite | Ozone System Solutions Ozongeneratoren\" \/>\n<meta property=\"og:description\" content=\"Finden Sie hier heraus wie sie uns erreichen k\u00f6nnen. Auf dieser Website finden Sie ein Kontaktformular, unsere Telefonnummer und E-Mail-Adresse.\" \/>\n<meta property=\"og:url\" content=\"https:\/\/ozonesystemsolutions.de\/en\/kontakt\/\" \/>\n<meta property=\"og:site_name\" content=\"Ozone Systems Solutions\" \/>\n<meta property=\"article:modified_time\" content=\"2025-10-09T10:22:10+00:00\" \/>\n<meta name=\"twitter:card\" content=\"summary_large_image\" \/>\n<meta name=\"twitter:label1\" content=\"Estimated reading time\" \/>\n\t<meta name=\"twitter:data1\" content=\"1 minute\" \/>\n<script type=\"application\/ld+json\" class=\"yoast-schema-graph\">{\"@context\":\"https:\/\/schema.org\",\"@graph\":[{\"@type\":\"WebPage\",\"@id\":\"https:\/\/ozonesystemsolutions.de\/kontakt\/\",\"url\":\"https:\/\/ozonesystemsolutions.de\/kontakt\/\",\"name\":\"Kontaktseite | Ozone System Solutions Ozongeneratoren\",\"isPartOf\":{\"@id\":\"https:\/\/ozonesystemsolutions.de\/#website\"},\"datePublished\":\"2019-09-12T12:32:26+00:00\",\"dateModified\":\"2025-10-09T10:22:10+00:00\",\"description\":\"Finden Sie hier heraus wie sie uns erreichen k\u00f6nnen. Auf dieser Website finden Sie ein Kontaktformular, unsere Telefonnummer und E-Mail-Adresse.\",\"breadcrumb\":{\"@id\":\"https:\/\/ozonesystemsolutions.de\/kontakt\/#breadcrumb\"},\"inLanguage\":\"en-GB\",\"potentialAction\":[{\"@type\":\"ReadAction\",\"target\":[\"https:\/\/ozonesystemsolutions.de\/kontakt\/\"]}]},{\"@type\":\"BreadcrumbList\",\"@id\":\"https:\/\/ozonesystemsolutions.de\/kontakt\/#breadcrumb\",\"itemListElement\":[{\"@type\":\"ListItem\",\"position\":1,\"name\":\"Startseite\",\"item\":\"https:\/\/ozonesystemsolutions.de\/\"},{\"@type\":\"ListItem\",\"position\":2,\"name\":\"Kontakt\"}]},{\"@type\":\"WebSite\",\"@id\":\"https:\/\/ozonesystemsolutions.de\/#website\",\"url\":\"https:\/\/ozonesystemsolutions.de\/\",\"name\":\"Ozone Systems Solutions\",\"description\":\"\",\"publisher\":{\"@id\":\"https:\/\/ozonesystemsolutions.de\/#organization\"},\"potentialAction\":[{\"@type\":\"SearchAction\",\"target\":{\"@type\":\"EntryPoint\",\"urlTemplate\":\"https:\/\/ozonesystemsolutions.de\/?s={search_term_string}\"},\"query-input\":{\"@type\":\"PropertyValueSpecification\",\"valueRequired\":true,\"valueName\":\"search_term_string\"}}],\"inLanguage\":\"en-GB\"},{\"@type\":\"Organization\",\"@id\":\"https:\/\/ozonesystemsolutions.de\/#organization\",\"name\":\"Ozone System Solutions\",\"url\":\"https:\/\/ozonesystemsolutions.de\/\",\"logo\":{\"@type\":\"ImageObject\",\"inLanguage\":\"en-GB\",\"@id\":\"https:\/\/ozonesystemsolutions.de\/#\/schema\/logo\/image\/\",\"url\":\"https:\/\/ozonesystemsolutions.de\/wp-content\/uploads\/2019\/10\/9.jpg\",\"contentUrl\":\"https:\/\/ozonesystemsolutions.de\/wp-content\/uploads\/2019\/10\/9.jpg\",\"width\":4724,\"height\":3543,\"caption\":\"Ozone System Solutions\"},\"image\":{\"@id\":\"https:\/\/ozonesystemsolutions.de\/#\/schema\/logo\/image\/\"}}]}<\/script>\n<!-- \/ Yoast SEO plugin. -->","yoast_head_json":{"title":"Kontaktseite | Ozone System Solutions Ozongeneratoren","description":"Finden Sie hier heraus wie sie uns erreichen k\u00f6nnen. Auf dieser Website finden Sie ein Kontaktformular, unsere Telefonnummer und E-Mail-Adresse.","robots":{"index":"index","follow":"follow","max-snippet":"max-snippet:-1","max-image-preview":"max-image-preview:large","max-video-preview":"max-video-preview:-1"},"canonical":"https:\/\/ozonesystemsolutions.de\/en\/kontakt\/","og_locale":"en_GB","og_type":"article","og_title":"Kontaktseite | Ozone System Solutions Ozongeneratoren","og_description":"Finden Sie hier heraus wie sie uns erreichen k\u00f6nnen. Auf dieser Website finden Sie ein Kontaktformular, unsere Telefonnummer und E-Mail-Adresse.","og_url":"https:\/\/ozonesystemsolutions.de\/en\/kontakt\/","og_site_name":"Ozone Systems Solutions","article_modified_time":"2025-10-09T10:22:10+00:00","twitter_card":"summary_large_image","twitter_misc":{"Estimated reading time":"1 minute"},"schema":{"@context":"https:\/\/schema.org","@graph":[{"@type":"WebPage","@id":"https:\/\/ozonesystemsolutions.de\/kontakt\/","url":"https:\/\/ozonesystemsolutions.de\/kontakt\/","name":"Kontaktseite | Ozone System Solutions Ozongeneratoren","isPartOf":{"@id":"https:\/\/ozonesystemsolutions.de\/#website"},"datePublished":"2019-09-12T12:32:26+00:00","dateModified":"2025-10-09T10:22:10+00:00","description":"Finden Sie hier heraus wie sie uns erreichen k\u00f6nnen. Auf dieser Website finden Sie ein Kontaktformular, unsere Telefonnummer und E-Mail-Adresse.","breadcrumb":{"@id":"https:\/\/ozonesystemsolutions.de\/kontakt\/#breadcrumb"},"inLanguage":"en-GB","potentialAction":[{"@type":"ReadAction","target":["https:\/\/ozonesystemsolutions.de\/kontakt\/"]}]},{"@type":"BreadcrumbList","@id":"https:\/\/ozonesystemsolutions.de\/kontakt\/#breadcrumb","itemListElement":[{"@type":"ListItem","position":1,"name":"Startseite","item":"https:\/\/ozonesystemsolutions.de\/"},{"@type":"ListItem","position":2,"name":"Kontakt"}]},{"@type":"WebSite","@id":"https:\/\/ozonesystemsolutions.de\/#website","url":"https:\/\/ozonesystemsolutions.de\/","name":"Ozone Systems Solutions","description":"","publisher":{"@id":"https:\/\/ozonesystemsolutions.de\/#organization"},"potentialAction":[{"@type":"SearchAction","target":{"@type":"EntryPoint","urlTemplate":"https:\/\/ozonesystemsolutions.de\/?s={search_term_string}"},"query-input":{"@type":"PropertyValueSpecification","valueRequired":true,"valueName":"search_term_string"}}],"inLanguage":"en-GB"},{"@type":"Organization","@id":"https:\/\/ozonesystemsolutions.de\/#organization","name":"Ozone System Solutions","url":"https:\/\/ozonesystemsolutions.de\/","logo":{"@type":"ImageObject","inLanguage":"en-GB","@id":"https:\/\/ozonesystemsolutions.de\/#\/schema\/logo\/image\/","url":"https:\/\/ozonesystemsolutions.de\/wp-content\/uploads\/2019\/10\/9.jpg","contentUrl":"https:\/\/ozonesystemsolutions.de\/wp-content\/uploads\/2019\/10\/9.jpg","width":4724,"height":3543,"caption":"Ozone System Solutions"},"image":{"@id":"https:\/\/ozonesystemsolutions.de\/#\/schema\/logo\/image\/"}}]}},"_links":{"self":[{"href":"https:\/\/ozonesystemsolutions.de\/en\/wp-json\/wp\/v2\/pages\/261","targetHints":{"allow":["GET"]}}],"collection":[{"href":"https:\/\/ozonesystemsolutions.de\/en\/wp-json\/wp\/v2\/pages"}],"about":[{"href":"https:\/\/ozonesystemsolutions.de\/en\/wp-json\/wp\/v2\/types\/page"}],"author":[{"embeddable":true,"href":"https:\/\/ozonesystemsolutions.de\/en\/wp-json\/wp\/v2\/users\/1"}],"replies":[{"embeddable":true,"href":"https:\/\/ozonesystemsolutions.de\/en\/wp-json\/wp\/v2\/comments?post=261"}],"version-history":[{"count":89,"href":"https:\/\/ozonesystemsolutions.de\/en\/wp-json\/wp\/v2\/pages\/261\/revisions"}],"predecessor-version":[{"id":8447,"href":"https:\/\/ozonesystemsolutions.de\/en\/wp-json\/wp\/v2\/pages\/261\/revisions\/8447"}],"wp:attachment":[{"href":"https:\/\/ozonesystemsolutions.de\/en\/wp-json\/wp\/v2\/media?parent=261"}],"curies":[{"name":"wp","href":"https:\/\/api.w.org\/{rel}","templated":true}]}}