{"id":25,"date":"2019-09-09T14:54:31","date_gmt":"2019-09-09T12:54:31","guid":{"rendered":"https:\/\/oss.pandowebsites.de\/?page_id=25"},"modified":"2025-12-03T19:27:58","modified_gmt":"2025-12-03T18:27:58","slug":"impressum","status":"publish","type":"page","link":"https:\/\/ozonesystemsolutions.de\/en\/impressum\/","title":{"rendered":"Imprint"},"content":{"rendered":"<div data-elementor-type=\"wp-page\" data-elementor-id=\"25\" class=\"elementor elementor-25\" data-elementor-post-type=\"page\">\n\t\t\t\t\t\t<section class=\"elementor-section elementor-top-section elementor-element elementor-element-017e1fd elementor-section-boxed elementor-section-height-default elementor-section-height-default\" data-id=\"017e1fd\" data-element_type=\"section\">\n\t\t\t\t\t\t<div class=\"elementor-container elementor-column-gap-default\">\n\t\t\t\t\t<div class=\"elementor-column elementor-col-100 elementor-top-column elementor-element elementor-element-6765db3\" data-id=\"6765db3\" data-element_type=\"column\">\n\t\t\t<div class=\"elementor-widget-wrap elementor-element-populated\">\n\t\t\t\t\t\t<div class=\"elementor-element elementor-element-9664b8f elementor-widget elementor-widget-spacer\" data-id=\"9664b8f\" data-element_type=\"widget\" data-widget_type=\"spacer.default\">\n\t\t\t\t\t\t\t<div class=\"elementor-spacer\">\n\t\t\t<div class=\"elementor-spacer-inner\"><\/div>\n\t\t<\/div>\n\t\t\t\t\t\t<\/div>\n\t\t\t\t\t<\/div>\n\t\t<\/div>\n\t\t\t\t\t<\/div>\n\t\t<\/section>\n\t\t\t\t<section class=\"elementor-section elementor-top-section elementor-element elementor-element-7c99a553 elementor-section-boxed elementor-section-height-default elementor-section-height-default\" data-id=\"7c99a553\" data-element_type=\"section\">\n\t\t\t\t\t\t<div class=\"elementor-container elementor-column-gap-default\">\n\t\t\t\t\t<div class=\"elementor-column elementor-col-100 elementor-top-column elementor-element elementor-element-65cdc404\" data-id=\"65cdc404\" data-element_type=\"column\">\n\t\t\t<div class=\"elementor-widget-wrap elementor-element-populated\">\n\t\t\t\t\t\t<div class=\"elementor-element elementor-element-461803c3 elementor-widget elementor-widget-text-editor\" data-id=\"461803c3\" data-element_type=\"widget\" data-widget_type=\"text-editor.default\">\n\t\t\t\t\t\t\t\t\t<h1>Imprint<\/h1>\n<p><strong style=\"color: var( --e-global-color-text ); font-family: var( --e-global-typography-text-font-family ), Sans-serif; font-size: 1rem;\">&nbsp;<\/strong><\/p>\n<p><strong style=\"color: var( --e-global-color-text ); font-family: var( --e-global-typography-text-font-family ), Sans-serif; font-size: 1rem;\">OSS Ozone System Solutions GmbH &amp; Co. KG<\/strong><\/p>\n<p>Lange Str. 11<br>63654 B\u00fcdingen<br>Germany<\/p>\n<p><span style=\"font-size: 12.0pt; line-height: 107%; font-family: 'Arial',sans-serif; mso-fareast-font-family: Calibri; mso-fareast-theme-font: minor-latin; mso-ansi-language: DE; mso-fareast-language: EN-US; mso-bidi-language: AR-SA;\">Tel: 015127160467<br>E-mail: info@ozonesystemsolutions.de<\/span><\/p>\n<p><span style=\"font-size: 12.0pt; line-height: 107%; font-family: 'Arial',sans-serif; mso-fareast-font-family: Calibri; mso-fareast-theme-font: minor-latin; mso-ansi-language: DE; mso-fareast-language: EN-US; mso-bidi-language: AR-SA;\">Register court: Local court Friedberg<br>Registration number: HRA 4936<\/span><\/p>\n<p><span style=\"font-size: 12.0pt; line-height: 107%; font-family: 'Arial',sans-serif; mso-fareast-font-family: Calibri; mso-fareast-theme-font: minor-latin; mso-ansi-language: DE; mso-fareast-language: EN-US; mso-bidi-language: AR-SA;\">Vertretungsberechtigte Gesellschafterin (Komplement\u00e4r): OSS Verwaltung GmbH,<br>Register court: Local court Friedberg, HRB 9520. This in turn is represented by the managing director: Ronny Schreiber &amp; Bj\u00f6rn Die\u00dfl.<\/span><\/p>\n<p><span style=\"font-size: 12.0pt; line-height: 107%; font-family: 'Arial',sans-serif; mso-fareast-font-family: Calibri; mso-fareast-theme-font: minor-latin; mso-ansi-language: DE; mso-fareast-language: EN-US; mso-bidi-language: AR-SA;\">Sales tax identification number: DE326587579<\/span><\/p>\n<p><span style=\"font-size: 1rem;\">The European Commission provides a platform for online dispute resolution (OS), which you can find here ec.europa.eu\/consumers\/odr\/. We are not obliged or willing to participate in a dispute resolution procedure before a consumer arbitration board.<\/span><\/p>\n<p><span style=\"font-size: 12.0pt; line-height: 107%; font-family: 'Arial',sans-serif; mso-fareast-font-family: Calibri; mso-fareast-theme-font: minor-latin; mso-ansi-language: DE; mso-fareast-language: EN-US; mso-bidi-language: AR-SA;\">WEEE Reg. No. DE12159445<br>Information requirements in accordance with \u00a718 Para. 4 Sentence 3 ElektroG:<br><a href=\"https:\/\/www.bmuv.de\/themen\/wasser-ressourcen-abfall\/kreislaufwirtschaft\/statistiken\/elektro-und-elektronikaltgeraete\" target=\"_blank\" rel=\"noopener\">https:\/\/www.bmuv.de\/themen\/wasser-ressourcen-abfall\/kreislaufwirtschaft\/statistiken\/elektro-und-elektronikaltgeraete<\/a><\/span><\/p>\n<p><b>&nbsp;<\/b><\/p>\n<p><b style=\"font-size: 1rem;\">Copyright<\/b><\/p>\n<p><span style=\"font-weight: 400;\"><br><\/span><span style=\"font-weight: 400;\">The contents and works created by the site operators on these pages are subject to German copyright law. The reproduction, processing, distribution and any kind of exploitation outside the limits of copyright require the written consent of the respective author or creator. Downloads and copies of this site are only permitted for private, non-commercial use. Insofar as the content on this site was not created by the operator, the copyrights of third parties are respected. In particular, third-party content is identified as such. Should you nevertheless become aware of a copyright infringement, please inform us accordingly. If we become aware of any infringements, we will remove such content immediately.<\/span><span style=\"font-weight: 400;\"><br><\/span><strong style=\"font-size: 1rem;\"><br><\/strong><\/p>\n<p><strong style=\"font-size: 1rem;\">Website support:<\/strong><\/p>\n<p><a href=\"https:\/\/www.second-universe.de\">Second Universe<\/a><\/p>\t\t\t\t\t\t\t\t<\/div>\n\t\t\t\t<div class=\"elementor-element elementor-element-bf7602a elementor-widget elementor-widget-global elementor-global-313 elementor-widget-spacer\" data-id=\"bf7602a\" data-element_type=\"widget\" data-widget_type=\"spacer.default\">\n\t\t\t\t\t\t\t<div class=\"elementor-spacer\">\n\t\t\t<div class=\"elementor-spacer-inner\"><\/div>\n\t\t<\/div>\n\t\t\t\t\t\t<\/div>\n\t\t\t\t\t<\/div>\n\t\t<\/div>\n\t\t\t\t\t<\/div>\n\t\t<\/section>\n\t\t\t\t<\/div>","protected":false},"excerpt":{"rendered":"<p>Impressum &nbsp; OSS Ozone System Solutions GmbH &amp; Co. KG Lange Str. 1163654 B\u00fcdingenDeutschland Tel.: 015127160467E-Mail: info@ozonesystemsolutions.de Registergericht: Amtsgericht FriedbergRegisternummer: HRA 4936 Vertretungsberechtigte Gesellschafterin (Komplement\u00e4r): OSS Verwaltung GmbH,Registergericht: Amtsgericht Friedberg, HRB 9520. Diese wiederum wird vertreten durch den Gesch\u00e4ftsf\u00fchrer: Ronny Schreiber &amp; Bj\u00f6rn Die\u00dfl Umsatzsteuer-Identifikationsnummer: DE326587579 Die Europ\u00e4ische Kommission stellt eine Plattform zur Online-Streitbeilegung (OS) [&hellip;]<\/p>","protected":false},"author":1,"featured_media":0,"parent":0,"menu_order":0,"comment_status":"closed","ping_status":"closed","template":"elementor_header_footer","meta":{"_acf_changed":false,"footnotes":""},"class_list":["post-25","page","type-page","status-publish","hentry"],"acf":[],"yoast_head":"<!-- This site is optimized with the Yoast SEO plugin v26.2 - https:\/\/yoast.com\/wordpress\/plugins\/seo\/ -->\n<title>Impressum Ozone System Solutions Ozongeneratoren<\/title>\n<meta name=\"description\" content=\"Finden Sie mithilfe unseres Impressums heraus, wer hinter der Website von Ozone System Solutions Ozongeneratoren steckt.\" \/>\n<meta name=\"robots\" content=\"index, follow, max-snippet:-1, max-image-preview:large, max-video-preview:-1\" \/>\n<link rel=\"canonical\" href=\"https:\/\/ozonesystemsolutions.de\/en\/impressum\/\" \/>\n<meta property=\"og:locale\" content=\"en_GB\" \/>\n<meta property=\"og:type\" content=\"article\" \/>\n<meta property=\"og:title\" content=\"Impressum Ozone System Solutions Ozongeneratoren\" \/>\n<meta property=\"og:description\" content=\"Finden Sie mithilfe unseres Impressums heraus, wer hinter der Website von Ozone System Solutions Ozongeneratoren steckt.\" \/>\n<meta property=\"og:url\" content=\"https:\/\/ozonesystemsolutions.de\/en\/impressum\/\" \/>\n<meta property=\"og:site_name\" content=\"Ozone Systems Solutions\" \/>\n<meta property=\"article:modified_time\" content=\"2025-12-03T18:27:58+00:00\" \/>\n<meta name=\"twitter:card\" content=\"summary_large_image\" \/>\n<meta name=\"twitter:label1\" content=\"Estimated reading time\" \/>\n\t<meta name=\"twitter:data1\" content=\"2 minutes\" \/>\n<script type=\"application\/ld+json\" class=\"yoast-schema-graph\">{\"@context\":\"https:\/\/schema.org\",\"@graph\":[{\"@type\":\"WebPage\",\"@id\":\"https:\/\/ozonesystemsolutions.de\/impressum\/\",\"url\":\"https:\/\/ozonesystemsolutions.de\/impressum\/\",\"name\":\"Impressum Ozone System Solutions Ozongeneratoren\",\"isPartOf\":{\"@id\":\"https:\/\/ozonesystemsolutions.de\/#website\"},\"datePublished\":\"2019-09-09T12:54:31+00:00\",\"dateModified\":\"2025-12-03T18:27:58+00:00\",\"description\":\"Finden Sie mithilfe unseres Impressums heraus, wer hinter der Website von Ozone System Solutions Ozongeneratoren steckt.\",\"breadcrumb\":{\"@id\":\"https:\/\/ozonesystemsolutions.de\/impressum\/#breadcrumb\"},\"inLanguage\":\"en-GB\",\"potentialAction\":[{\"@type\":\"ReadAction\",\"target\":[\"https:\/\/ozonesystemsolutions.de\/impressum\/\"]}]},{\"@type\":\"BreadcrumbList\",\"@id\":\"https:\/\/ozonesystemsolutions.de\/impressum\/#breadcrumb\",\"itemListElement\":[{\"@type\":\"ListItem\",\"position\":1,\"name\":\"Startseite\",\"item\":\"https:\/\/ozonesystemsolutions.de\/\"},{\"@type\":\"ListItem\",\"position\":2,\"name\":\"Impressum\"}]},{\"@type\":\"WebSite\",\"@id\":\"https:\/\/ozonesystemsolutions.de\/#website\",\"url\":\"https:\/\/ozonesystemsolutions.de\/\",\"name\":\"Ozone Systems Solutions\",\"description\":\"\",\"publisher\":{\"@id\":\"https:\/\/ozonesystemsolutions.de\/#organization\"},\"potentialAction\":[{\"@type\":\"SearchAction\",\"target\":{\"@type\":\"EntryPoint\",\"urlTemplate\":\"https:\/\/ozonesystemsolutions.de\/?s={search_term_string}\"},\"query-input\":{\"@type\":\"PropertyValueSpecification\",\"valueRequired\":true,\"valueName\":\"search_term_string\"}}],\"inLanguage\":\"en-GB\"},{\"@type\":\"Organization\",\"@id\":\"https:\/\/ozonesystemsolutions.de\/#organization\",\"name\":\"Ozone System Solutions\",\"url\":\"https:\/\/ozonesystemsolutions.de\/\",\"logo\":{\"@type\":\"ImageObject\",\"inLanguage\":\"en-GB\",\"@id\":\"https:\/\/ozonesystemsolutions.de\/#\/schema\/logo\/image\/\",\"url\":\"https:\/\/ozonesystemsolutions.de\/wp-content\/uploads\/2019\/10\/9.jpg\",\"contentUrl\":\"https:\/\/ozonesystemsolutions.de\/wp-content\/uploads\/2019\/10\/9.jpg\",\"width\":4724,\"height\":3543,\"caption\":\"Ozone System Solutions\"},\"image\":{\"@id\":\"https:\/\/ozonesystemsolutions.de\/#\/schema\/logo\/image\/\"}}]}<\/script>\n<!-- \/ Yoast SEO plugin. -->","yoast_head_json":{"title":"Impressum Ozone System Solutions Ozongeneratoren","description":"Finden Sie mithilfe unseres Impressums heraus, wer hinter der Website von Ozone System Solutions Ozongeneratoren steckt.","robots":{"index":"index","follow":"follow","max-snippet":"max-snippet:-1","max-image-preview":"max-image-preview:large","max-video-preview":"max-video-preview:-1"},"canonical":"https:\/\/ozonesystemsolutions.de\/en\/impressum\/","og_locale":"en_GB","og_type":"article","og_title":"Impressum Ozone System Solutions Ozongeneratoren","og_description":"Finden Sie mithilfe unseres Impressums heraus, wer hinter der Website von Ozone System Solutions Ozongeneratoren steckt.","og_url":"https:\/\/ozonesystemsolutions.de\/en\/impressum\/","og_site_name":"Ozone Systems Solutions","article_modified_time":"2025-12-03T18:27:58+00:00","twitter_card":"summary_large_image","twitter_misc":{"Estimated reading time":"2 minutes"},"schema":{"@context":"https:\/\/schema.org","@graph":[{"@type":"WebPage","@id":"https:\/\/ozonesystemsolutions.de\/impressum\/","url":"https:\/\/ozonesystemsolutions.de\/impressum\/","name":"Impressum Ozone System Solutions Ozongeneratoren","isPartOf":{"@id":"https:\/\/ozonesystemsolutions.de\/#website"},"datePublished":"2019-09-09T12:54:31+00:00","dateModified":"2025-12-03T18:27:58+00:00","description":"Finden Sie mithilfe unseres Impressums heraus, wer hinter der Website von Ozone System Solutions Ozongeneratoren steckt.","breadcrumb":{"@id":"https:\/\/ozonesystemsolutions.de\/impressum\/#breadcrumb"},"inLanguage":"en-GB","potentialAction":[{"@type":"ReadAction","target":["https:\/\/ozonesystemsolutions.de\/impressum\/"]}]},{"@type":"BreadcrumbList","@id":"https:\/\/ozonesystemsolutions.de\/impressum\/#breadcrumb","itemListElement":[{"@type":"ListItem","position":1,"name":"Startseite","item":"https:\/\/ozonesystemsolutions.de\/"},{"@type":"ListItem","position":2,"name":"Impressum"}]},{"@type":"WebSite","@id":"https:\/\/ozonesystemsolutions.de\/#website","url":"https:\/\/ozonesystemsolutions.de\/","name":"Ozone Systems Solutions","description":"","publisher":{"@id":"https:\/\/ozonesystemsolutions.de\/#organization"},"potentialAction":[{"@type":"SearchAction","target":{"@type":"EntryPoint","urlTemplate":"https:\/\/ozonesystemsolutions.de\/?s={search_term_string}"},"query-input":{"@type":"PropertyValueSpecification","valueRequired":true,"valueName":"search_term_string"}}],"inLanguage":"en-GB"},{"@type":"Organization","@id":"https:\/\/ozonesystemsolutions.de\/#organization","name":"Ozone System Solutions","url":"https:\/\/ozonesystemsolutions.de\/","logo":{"@type":"ImageObject","inLanguage":"en-GB","@id":"https:\/\/ozonesystemsolutions.de\/#\/schema\/logo\/image\/","url":"https:\/\/ozonesystemsolutions.de\/wp-content\/uploads\/2019\/10\/9.jpg","contentUrl":"https:\/\/ozonesystemsolutions.de\/wp-content\/uploads\/2019\/10\/9.jpg","width":4724,"height":3543,"caption":"Ozone System Solutions"},"image":{"@id":"https:\/\/ozonesystemsolutions.de\/#\/schema\/logo\/image\/"}}]}},"_links":{"self":[{"href":"https:\/\/ozonesystemsolutions.de\/en\/wp-json\/wp\/v2\/pages\/25","targetHints":{"allow":["GET"]}}],"collection":[{"href":"https:\/\/ozonesystemsolutions.de\/en\/wp-json\/wp\/v2\/pages"}],"about":[{"href":"https:\/\/ozonesystemsolutions.de\/en\/wp-json\/wp\/v2\/types\/page"}],"author":[{"embeddable":true,"href":"https:\/\/ozonesystemsolutions.de\/en\/wp-json\/wp\/v2\/users\/1"}],"replies":[{"embeddable":true,"href":"https:\/\/ozonesystemsolutions.de\/en\/wp-json\/wp\/v2\/comments?post=25"}],"version-history":[{"count":75,"href":"https:\/\/ozonesystemsolutions.de\/en\/wp-json\/wp\/v2\/pages\/25\/revisions"}],"predecessor-version":[{"id":8652,"href":"https:\/\/ozonesystemsolutions.de\/en\/wp-json\/wp\/v2\/pages\/25\/revisions\/8652"}],"wp:attachment":[{"href":"https:\/\/ozonesystemsolutions.de\/en\/wp-json\/wp\/v2\/media?parent=25"}],"curies":[{"name":"wp","href":"https:\/\/api.w.org\/{rel}","templated":true}]}}